{"id":135,"date":"2016-02-21T09:01:31","date_gmt":"2016-02-21T09:01:31","guid":{"rendered":"http:\/\/demowp.cththemes.net\/monolit\/?page_id=135"},"modified":"2016-02-21T09:01:31","modified_gmt":"2016-02-21T09:01:31","slug":"services","status":"publish","type":"page","link":"https:\/\/arkhamprojects.com\/en\/services\/","title":{"rendered":"Our <strong>Services<\/strong>"},"content":{"rendered":"<div  class='monolit_sec monolit_page_sec content'>\n\n \n\n    <section>\n            <div class=\"container\">\n                <div class=\"row\">\n                <div class=\"wpb_column vc_column_container vc_col-sm-12 vc_col-md-8\"><div class=\"vc_column-inner\"><div class=\"wpb_wrapper\">\n\t<div class=\"wpb_text_column wpb_content_element\" >\n\t\t<div class=\"wpb_wrapper\">\n\t\t\t<h2 class=\"section-title\">What <strong>We Do <\/strong><\/h2>\n<p>There are many variations of passages of Lorem Ipsum available, but the majority have suffered alteration in some form, by injected humour, or randomised words which don&#8217;t look even slightly believable. If you are going to use a passage of Lorem Ipsum, you need to be sure there isn&#8217;t anything embarrassing hidden in the middle of text.<\/p>\n\n\t\t<\/div>\n\t<\/div>\n<\/div><\/div><\/div><div class=\"wpb_column vc_column_container vc_col-sm-12\"><div class=\"vc_column-inner\"><div class=\"wpb_wrapper\">\n<div class=\"services-main-holder\" \n        >\n    <div class=\"services-holder service-two-cols\">\n                <a class=\"serv-item\" href=\"#serid69f331452b98f\">\n            <div class=\"serv-item-inner\">\n                <img loading=\"lazy\" decoding=\"async\" width=\"1240\" height=\"800\" src=\"https:\/\/arkhamprojects.com\/wp-content\/uploads\/2016\/02\/3-2.jpg\" class=\"respimg services-thumb wp-post-image\" alt=\"Image Title\" srcset=\"https:\/\/arkhamprojects.com\/wp-content\/uploads\/2016\/02\/3-2.jpg 1240w, https:\/\/arkhamprojects.com\/wp-content\/uploads\/2016\/02\/3-2-300x194.jpg 300w, https:\/\/arkhamprojects.com\/wp-content\/uploads\/2016\/02\/3-2-1024x661.jpg 1024w, https:\/\/arkhamprojects.com\/wp-content\/uploads\/2016\/02\/3-2-768x495.jpg 768w\" sizes=\"auto, (max-width: 1240px) 100vw, 1240px\" \/>                                    <div class=\"ser-title\">\n                    <h3>Interior<\/h3>                    <\/div>\n                            <\/div>\n        <\/a>\n\n                <a class=\"serv-item\" href=\"#serid69f331452bd4a\">\n            <div class=\"serv-item-inner\">\n                <img loading=\"lazy\" decoding=\"async\" width=\"1240\" height=\"800\" src=\"https:\/\/arkhamprojects.com\/wp-content\/uploads\/2016\/02\/14.jpg\" class=\"respimg services-thumb wp-post-image\" alt=\"Image Title\" srcset=\"https:\/\/arkhamprojects.com\/wp-content\/uploads\/2016\/02\/14.jpg 1240w, https:\/\/arkhamprojects.com\/wp-content\/uploads\/2016\/02\/14-300x194.jpg 300w, https:\/\/arkhamprojects.com\/wp-content\/uploads\/2016\/02\/14-1024x661.jpg 1024w, https:\/\/arkhamprojects.com\/wp-content\/uploads\/2016\/02\/14-768x495.jpg 768w\" sizes=\"auto, (max-width: 1240px) 100vw, 1240px\" \/>                                    <div class=\"ser-title\">\n                    <h3>Construction<\/h3>                    <\/div>\n                            <\/div>\n        <\/a>\n\n                <a class=\"serv-item\" href=\"#serid69f331452bfd2\">\n            <div class=\"serv-item-inner\">\n                <img loading=\"lazy\" decoding=\"async\" width=\"1240\" height=\"800\" src=\"https:\/\/arkhamprojects.com\/wp-content\/uploads\/2016\/02\/13.jpg\" class=\"respimg services-thumb wp-post-image\" alt=\"Image Title\" srcset=\"https:\/\/arkhamprojects.com\/wp-content\/uploads\/2016\/02\/13.jpg 1240w, https:\/\/arkhamprojects.com\/wp-content\/uploads\/2016\/02\/13-300x194.jpg 300w, https:\/\/arkhamprojects.com\/wp-content\/uploads\/2016\/02\/13-1024x661.jpg 1024w, https:\/\/arkhamprojects.com\/wp-content\/uploads\/2016\/02\/13-768x495.jpg 768w\" sizes=\"auto, (max-width: 1240px) 100vw, 1240px\" \/>                                    <div class=\"ser-title\">\n                    <h3>Architecture<\/h3>                    <\/div>\n                            <\/div>\n        <\/a>\n\n                <a class=\"serv-item\" href=\"#serid69f331452c4a8\">\n            <div class=\"serv-item-inner\">\n                <img loading=\"lazy\" decoding=\"async\" width=\"1240\" height=\"800\" src=\"https:\/\/arkhamprojects.com\/wp-content\/uploads\/2016\/02\/4-2.jpg\" class=\"respimg services-thumb wp-post-image\" alt=\"Image Title\" srcset=\"https:\/\/arkhamprojects.com\/wp-content\/uploads\/2016\/02\/4-2.jpg 1240w, https:\/\/arkhamprojects.com\/wp-content\/uploads\/2016\/02\/4-2-300x194.jpg 300w, https:\/\/arkhamprojects.com\/wp-content\/uploads\/2016\/02\/4-2-1024x661.jpg 1024w, https:\/\/arkhamprojects.com\/wp-content\/uploads\/2016\/02\/4-2-768x495.jpg 768w\" sizes=\"auto, (max-width: 1240px) 100vw, 1240px\" \/>                                    <div class=\"ser-title\">\n                    <h3>Visualization<\/h3>                    <\/div>\n                            <\/div>\n        <\/a>\n\n          \n        \n    <\/div>\n    <div class=\"row\">\n        <div class=\"col-md-6\">\n            <!-- serv-post  -->     \n            <div class=\"serv-post\">\n                        <div id=\"serid69f331452b98f\" class=\"serv-details\">\n                <h3>Interior<\/h3>\n<p>There are many variations of passages of Lorem Ipsum available, but the majority have suffered alteration in some form, by injected humour, or randomised words which don&#8217;t look even slightly believable. If you are going to use a passage of Lorem Ipsum, you need to be sure there isn&#8217;t anything embarrassing hidden in the middle of text.<\/p>\n<p>If you are going to use a passage of Lorem Ipsum, you need to be sure there isn&#8217;t anything embarrassing hidden in the middle of text.<\/p>\n<ul class=\"ser-list\">\n<li>Curabitur mi sem<\/li>\n<li>Euismod in velit<\/li>\n<li>Proin eu felis hendrerit<\/li>\n<\/ul>\n<div><span class=\"price\">1200$-5000$<\/span><\/div>\n            <\/div>\n            \n                        <div id=\"serid69f331452bd4a\" class=\"serv-details\">\n                <h3>Construction<\/h3>\n<p>There are many variations of passages of Lorem Ipsum available, but the majority have suffered alteration in some form, by injected humour, or randomised words which don&#8217;t look even slightly believable. If you are going to use a passage of Lorem Ipsum, you need to be sure there isn&#8217;t anything embarrassing hidden in the middle of text.<\/p>\n<p>There are many variations of passages of Lorem Ipsum available, but the majority have suffered alteration in some form, by injected humour, or randomised words which don&#8217;t look even slightly believable. If you are going to use a passage of Lorem Ipsum, you need to be sure there isn&#8217;t anything embarrassing hidden in the middle of text.<\/p>\n<p>If you are going to use a passage of Lorem Ipsum, you need to be sure there isn&#8217;t anything embarrassing hidden in the middle of text.<\/p>\n<ul class=\"ser-list\">\n<li>Curabitur mi sem<\/li>\n<li>Euismod in velit<\/li>\n<li>Proin eu felis hendrerit<\/li>\n<\/ul>\n<div><span class=\"price\">3200$-8800$<\/span><\/div>\n            <\/div>\n            \n                        <div id=\"serid69f331452bfd2\" class=\"serv-details\">\n                <h3>Architecture<\/h3>\n<p>There are many variations of passages of Lorem Ipsum available, but the majority have suffered alteration in some form, by injected humour, or randomised words which don&#8217;t look even slightly believable. If you are going to use a passage of Lorem Ipsum, you need to be sure there isn&#8217;t anything embarrassing hidden in the middle of text. You need to be sure there isn&#8217;t anything embarrassing hidden in the middle of text.<\/p>\n<p>If you are going to use a passage of Lorem Ipsum, you need to be sure there isn&#8217;t anything embarrassing hidden in the middle of text. You need to be sure there isn&#8217;t anything embarrassing hidden in the middle of text.<\/p>\n<ul class=\"ser-list\">\n<li>Architecture<\/li>\n<li>Euismod in velit<\/li>\n<li>Proin eu felis hendrerit<\/li>\n<\/ul>\n<div><span class=\"price\">12300$-53000$<\/span><\/div>\n            <\/div>\n            \n                        <div id=\"serid69f331452c4a8\" class=\"serv-details\">\n                <h3>Visualization<\/h3>\n<p>There are many variations of passages of Lorem Ipsum available, but the majority have suffered alteration in some form, by injected humour, or randomised words which don&#8217;t look even slightly believable. If you are going to use a passage of Lorem Ipsum, you need to be sure there isn&#8217;t anything embarrassing hidden in the middle of text.<\/p>\n<p>If you are going to use a passage of Lorem Ipsum, you need to be sure there isn&#8217;t anything embarrassing hidden in the middle of text.<\/p>\n<ul class=\"ser-list\">\n<li>Curabitur mi sem<\/li>\n<li>Euismod in velit<\/li>\n<li>Proin eu felis hendrerit<\/li>\n<\/ul>\n<div><span class=\"price\">3200$-6500$<\/span><\/div>\n            <\/div>\n            \n              \n                \n            <\/div>\n            <!-- serv-post end-->\n        <\/div>\n        \n    <\/div>\n\n<\/div><!-- \/services-main-holder -->\n\n\n   \n\n<\/div><\/div><\/div>            <\/div>\n        <\/div>\n    <\/section>\n<\/div>","protected":false},"excerpt":{"rendered":"Visualization There are many variations of passages of Lorem Ipsum available, but the majority have suffered alteration in some form, by injected humour, or randomised words which don't look even slightly believable. If you are going to use a passage of Lorem Ipsum, you need to be sure there isn't anything embarrassing hidden in the [...]","protected":false},"author":1,"featured_media":0,"parent":0,"menu_order":0,"comment_status":"closed","ping_status":"closed","template":"page-fullwidth.php","meta":{"content-type":"","footnotes":""},"class_list":["post-135","page","type-page","status-publish","hentry"],"yoast_head":"<!-- This site is optimized with the Yoast SEO plugin v20.13 - https:\/\/yoast.com\/wordpress\/plugins\/seo\/ -->\n<title>Our -s-Services-s- Arkham Projects | From Dreams to Reality<\/title>\n<meta name=\"robots\" content=\"index, follow, max-snippet:-1, max-image-preview:large, max-video-preview:-1\" \/>\n<link rel=\"canonical\" href=\"https:\/\/arkhamprojects.com\/en\/services\/\" \/>\n<meta property=\"og:locale\" content=\"en_US\" \/>\n<meta property=\"og:type\" content=\"article\" \/>\n<meta property=\"og:title\" content=\"Our -s-Services-s- Arkham Projects | From Dreams to Reality\" \/>\n<meta property=\"og:url\" content=\"https:\/\/arkhamprojects.com\/en\/services\/\" \/>\n<meta property=\"og:site_name\" content=\"Arkham Projects | From Dreams to Reality\" \/>\n<meta name=\"twitter:card\" content=\"summary_large_image\" \/>\n<script type=\"application\/ld+json\" class=\"yoast-schema-graph\">{\"@context\":\"https:\/\/schema.org\",\"@graph\":[{\"@type\":\"WebPage\",\"@id\":\"https:\/\/arkhamprojects.com\/services\/\",\"url\":\"https:\/\/arkhamprojects.com\/services\/\",\"name\":\"Our -s-Services-s- Arkham Projects | From Dreams to Reality\",\"isPartOf\":{\"@id\":\"https:\/\/arkhamprojects.com\/#website\"},\"datePublished\":\"2016-02-21T09:01:31+00:00\",\"dateModified\":\"2016-02-21T09:01:31+00:00\",\"breadcrumb\":{\"@id\":\"https:\/\/arkhamprojects.com\/services\/#breadcrumb\"},\"inLanguage\":\"en-US\",\"potentialAction\":[{\"@type\":\"ReadAction\",\"target\":[\"https:\/\/arkhamprojects.com\/services\/\"]}]},{\"@type\":\"BreadcrumbList\",\"@id\":\"https:\/\/arkhamprojects.com\/services\/#breadcrumb\",\"itemListElement\":[{\"@type\":\"ListItem\",\"position\":1,\"name\":\"Inicio\",\"item\":\"https:\/\/arkhamprojects.com\/\"},{\"@type\":\"ListItem\",\"position\":2,\"name\":\"Our -s-Services-s-\"}]},{\"@type\":\"WebSite\",\"@id\":\"https:\/\/arkhamprojects.com\/#website\",\"url\":\"https:\/\/arkhamprojects.com\/\",\"name\":\"Arkham Projects | From Dreams to Reality\",\"description\":\"Somos Arkham, un despacho de arquitectos en M\u00e9rida. Creamos sue\u00f1os a trav\u00e9s de arquitectura. We Create Spaces Inspired by People.\",\"potentialAction\":[{\"@type\":\"SearchAction\",\"target\":{\"@type\":\"EntryPoint\",\"urlTemplate\":\"https:\/\/arkhamprojects.com\/?s={search_term_string}\"},\"query-input\":\"required name=search_term_string\"}],\"inLanguage\":\"en-US\"}]}<\/script>\n<!-- \/ Yoast SEO plugin. -->","yoast_head_json":{"title":"Our -s-Services-s- Arkham Projects | From Dreams to Reality","robots":{"index":"index","follow":"follow","max-snippet":"max-snippet:-1","max-image-preview":"max-image-preview:large","max-video-preview":"max-video-preview:-1"},"canonical":"https:\/\/arkhamprojects.com\/en\/services\/","og_locale":"en_US","og_type":"article","og_title":"Our -s-Services-s- Arkham Projects | From Dreams to Reality","og_url":"https:\/\/arkhamprojects.com\/en\/services\/","og_site_name":"Arkham Projects | From Dreams to Reality","twitter_card":"summary_large_image","schema":{"@context":"https:\/\/schema.org","@graph":[{"@type":"WebPage","@id":"https:\/\/arkhamprojects.com\/services\/","url":"https:\/\/arkhamprojects.com\/services\/","name":"Our -s-Services-s- Arkham Projects | From Dreams to Reality","isPartOf":{"@id":"https:\/\/arkhamprojects.com\/#website"},"datePublished":"2016-02-21T09:01:31+00:00","dateModified":"2016-02-21T09:01:31+00:00","breadcrumb":{"@id":"https:\/\/arkhamprojects.com\/services\/#breadcrumb"},"inLanguage":"en-US","potentialAction":[{"@type":"ReadAction","target":["https:\/\/arkhamprojects.com\/services\/"]}]},{"@type":"BreadcrumbList","@id":"https:\/\/arkhamprojects.com\/services\/#breadcrumb","itemListElement":[{"@type":"ListItem","position":1,"name":"Inicio","item":"https:\/\/arkhamprojects.com\/"},{"@type":"ListItem","position":2,"name":"Our -s-Services-s-"}]},{"@type":"WebSite","@id":"https:\/\/arkhamprojects.com\/#website","url":"https:\/\/arkhamprojects.com\/","name":"Arkham Projects | From Dreams to Reality","description":"Somos Arkham, un despacho de arquitectos en M\u00e9rida. Creamos sue\u00f1os a trav\u00e9s de arquitectura. We Create Spaces Inspired by People.","potentialAction":[{"@type":"SearchAction","target":{"@type":"EntryPoint","urlTemplate":"https:\/\/arkhamprojects.com\/?s={search_term_string}"},"query-input":"required name=search_term_string"}],"inLanguage":"en-US"}]}},"_links":{"self":[{"href":"https:\/\/arkhamprojects.com\/en\/wp-json\/wp\/v2\/pages\/135","targetHints":{"allow":["GET"]}}],"collection":[{"href":"https:\/\/arkhamprojects.com\/en\/wp-json\/wp\/v2\/pages"}],"about":[{"href":"https:\/\/arkhamprojects.com\/en\/wp-json\/wp\/v2\/types\/page"}],"author":[{"embeddable":true,"href":"https:\/\/arkhamprojects.com\/en\/wp-json\/wp\/v2\/users\/1"}],"replies":[{"embeddable":true,"href":"https:\/\/arkhamprojects.com\/en\/wp-json\/wp\/v2\/comments?post=135"}],"version-history":[{"count":0,"href":"https:\/\/arkhamprojects.com\/en\/wp-json\/wp\/v2\/pages\/135\/revisions"}],"wp:attachment":[{"href":"https:\/\/arkhamprojects.com\/en\/wp-json\/wp\/v2\/media?parent=135"}],"curies":[{"name":"wp","href":"https:\/\/api.w.org\/{rel}","templated":true}]}}