{"id":172,"date":"2016-02-21T15:46:30","date_gmt":"2016-02-21T15:46:30","guid":{"rendered":"http:\/\/demowp.cththemes.net\/monolit\/?page_id=172"},"modified":"2025-08-12T18:34:26","modified_gmt":"2025-08-12T18:34:26","slug":"lets-start-dreaming","status":"publish","type":"page","link":"https:\/\/arkhamprojects.com\/en\/our-creations\/lets-start-dreaming\/","title":{"rendered":"Let\u2019s start dreaming"},"content":{"rendered":"<div  class='monolit_sec monolit_fulh_sec content full-height'>\n                      \n            <div class=\"container full-height\">\n                <div class=\"row full-height\">\n                <div class=\"wpb_column vc_column_container vc_col-sm-12 vc_col-md-8\"><div class=\"vc_column-inner vc_custom_1627357247986\"><div class=\"wpb_wrapper\">\n\t<div class=\"wpb_text_column wpb_content_element  vc_custom_1755023227592\" >\n\t\t<div class=\"wpb_wrapper\">\n\t\t\t<p>&nbsp;<\/p>\n<p>Inspirados por los sue\u00f1os de otros y la locura propia, te esperamos en nuestra casa\u2026 so\u00f1emos, co-creemos, transformemos. En Arkham, cada idea es el inicio de una historia; un relato que toma forma a trav\u00e9s del dise\u00f1o y la imaginaci\u00f3n compartida. Aqu\u00ed es donde tu visi\u00f3n empieza a vivir.<\/p>\n\n\t\t<\/div>\n\t<\/div>\n<\/div><\/div><\/div><div class=\"wpb_column vc_column_container vc_col-sm-12\"><div class=\"vc_column-inner\"><div class=\"wpb_wrapper\"><div class=\"map-box\" \n\t        >\n        <div class=\"map-canvas\" data-latitude=\"21.004601213784586\" data-longitude=\"-89.61045125176449\" data-location=\"Arkham Projects\" data-zoom=\"16\"  data-marker=\"\" data-dfstyle=\"false\" \n            ><\/div>\n<\/div><\/div><\/div><\/div><div class=\"wpb_column vc_column_container vc_col-sm-12 vc_col-md-8\"><div class=\"vc_column-inner\"><div class=\"wpb_wrapper\"><div class=\"vc_row wpb_row vc_inner vc_row-fluid vc_custom_1456151205880\"><div class=\"wpb_column vc_column_container vc_col-sm-4 vc_col-md-4\"><div class=\"vc_column-inner\"><div class=\"wpb_wrapper\">\n\t<div class=\"wpb_text_column wpb_content_element\" >\n\t\t<div class=\"wpb_wrapper\">\n\t\t\t<h2 class=\"section-title\">Let\u00b4s<strong> CONNECT:<\/strong><\/h2>\n\n\t\t<\/div>\n\t<\/div>\n<\/div><\/div><\/div><div class=\"wpb_column vc_column_container vc_col-sm-4 vc_col-md-4\"><div class=\"vc_column-inner\"><div class=\"wpb_wrapper\">\n\t<div class=\"wpb_text_column wpb_content_element\" >\n\t\t<div class=\"wpb_wrapper\">\n\t\t\t<h4 class=\"contact-details\">THE ASYLUM<\/h4>\n<ul class=\"contact-details\">\n<li><a href=\"https:\/\/goo.gl\/maps\/xzrRbvbyyLyndTo46\" target=\"_blank\" rel=\"noopener\">Calle 20 85, Me\u0301xico, 97125 Me\u0301rida, Yuc.<\/a><\/li>\n<li><a href=\"tel: 52 999 165 4329\">+52 999 165 4329<\/a><\/li>\n<li>8:00 &#8211; 18:00 hrs<\/li>\n<li><a href=\"mailto:info@arkhamprojects.com\" target=\"_blank\" rel=\"noopener\">info@arkhamprojects.com<\/a><\/li>\n<\/ul>\n\n\t\t<\/div>\n\t<\/div>\n<\/div><\/div><\/div><div class=\"wpb_column vc_column_container vc_col-sm-4\"><div class=\"vc_column-inner\"><div class=\"wpb_wrapper\">\n\t<div class=\"wpb_text_column wpb_content_element\" >\n\t\t<div class=\"wpb_wrapper\">\n\t\t\t<h4 class=\"contact-details\">SOCIAL MEDIA:<\/h4>\n<ul class=\"contact-details\">\n<li><a href=\"https:\/\/www.instagram.com\/arkhamprojects\" target=\"_blank\" rel=\"noopener\">Instagram<\/a><\/li>\n<li><a href=\"https:\/\/www.facebook.com\/arkhamprojects\" target=\"_blank\" rel=\"noopener\">Facebook<\/a><\/li>\n<li><a href=\"https:\/\/twitter.com\/arkhamprojects\" target=\"_blank\" rel=\"noopener\">Twitter <\/a><\/li>\n<\/ul>\n\n\t\t<\/div>\n\t<\/div>\n<\/div><\/div><\/div><\/div><div class=\"vc_row wpb_row vc_inner vc_row-fluid vc_custom_1615193669889\"><div class=\"wpb_column vc_column_container vc_col-sm-12\"><div class=\"vc_column-inner\"><div class=\"wpb_wrapper\">\n\t<div class=\"wpb_raw_code wpb_content_element wpb_raw_html\" >\n\t\t<div class=\"wpb_wrapper\">\n\t\t\t<script charset=\"utf-8\" type=\"text\/javascript\" src=\"\/\/js.hsforms.net\/forms\/embed\/v2.js\"><\/script>\n<script>\n  hbspt.forms.create({\n    region: \"na1\",\n    portalId: \"23631315\",\n    formId: \"59733d20-66b1-4061-a53a-ad2395ad02c9\"\n  });\n<\/script>\n\t\t<\/div>\n\t<\/div>\n<\/div><\/div><\/div><\/div><\/div><\/div><\/div>            <\/div>\n        <\/div>\n<\/div>\n\n<div class=\"clearfix\"><\/div><div class=\"vc_row wpb_row vc_row-fluid\"><div class=\"wpb_column vc_column_container vc_col-sm-12\"><div class=\"vc_column-inner\"><div class=\"wpb_wrapper\"><!-- Hero section   -->\n<div class=\"hero-wrap hero-wrap-home-image\">\n    <!-- Hero image   -->\n    <div class=\"bg\" \n        data-bg=\"https:\/\/arkhamprojects.com\/wp-content\/uploads\/2025\/03\/Origen-9.jpg\" \n        data-top-bottom=\"transform: translateY(300px);\" data-bottom-top=\"transform: translateY(-300px);\"\n    ><\/div>\n    <!-- Hero image   end -->\n    <div class=\"overlay\" style=\"opacity:0.2;\"><\/div>\n    <!-- Hero text   -->\n    <div class=\"hero-wrap-item center-item\">\n            <\/div>\n    <!-- Hero text   end-->\n        <a href=\"#sec1\" class=\"hero-scroll-link custom-scroll-link\"\n    data-top-bottom=\"transform: translateY(50px);\" data-bottom-top=\"transform: translateY(-50px);\"><i class=\"fa fa-angle-down\"><\/i><\/a>\n    <\/div>\n<!-- Hero section   end --><\/div><\/div><\/div><\/div><div class=\"clearfix\"><\/div>","protected":false},"excerpt":{"rendered":"&nbsp; Inspirados por los sue\u00f1os de otros y la locura propia, te esperamos en nuestra casa\u2026 so\u00f1emos, co-creemos, transformemos. En Arkham, cada idea es el inicio de una historia; un relato que toma forma a trav\u00e9s del dise\u00f1o y la imaginaci\u00f3n compartida. Aqu\u00ed es donde tu visi\u00f3n empieza a vivir. Let\u00b4s CONNECT: THE ASYLUM Calle [...]","protected":false},"author":1,"featured_media":0,"parent":369,"menu_order":0,"comment_status":"closed","ping_status":"closed","template":"page-fullwidth.php","meta":{"content-type":"","footnotes":""},"class_list":["post-172","page","type-page","status-publish","hentry"],"yoast_head":"<!-- This site is optimized with the Yoast SEO plugin v20.13 - https:\/\/yoast.com\/wordpress\/plugins\/seo\/ -->\n<title>Let\u2019s Start Dreaming | What you envision, we bring to life<\/title>\n<meta name=\"description\" content=\"Bienvenido a Arkham, somos el despacho de arquitectos que convierten tus sue\u00f1os en realidades habitables. Cont\u00e1ctanos y juntos hagamos posible lo imposible.\" \/>\n<meta name=\"robots\" content=\"index, follow, max-snippet:-1, max-image-preview:large, max-video-preview:-1\" \/>\n<link rel=\"canonical\" href=\"https:\/\/arkhamprojects.com\/en\/our-creations\/lets-start-dreaming\/\" \/>\n<meta property=\"og:locale\" content=\"en_US\" \/>\n<meta property=\"og:type\" content=\"article\" \/>\n<meta property=\"og:title\" content=\"Let\u2019s Start Dreaming | What you envision, we bring to life\" \/>\n<meta property=\"og:description\" content=\"Bienvenido a Arkham, somos el despacho de arquitectos que convierten tus sue\u00f1os en realidades habitables. Cont\u00e1ctanos y juntos hagamos posible lo imposible.\" \/>\n<meta property=\"og:url\" content=\"https:\/\/arkhamprojects.com\/en\/our-creations\/lets-start-dreaming\/\" \/>\n<meta property=\"og:site_name\" content=\"Arkham Projects | From Dreams to Reality\" \/>\n<meta property=\"article:modified_time\" content=\"2025-08-12T18:34:26+00:00\" \/>\n<meta name=\"twitter:card\" content=\"summary_large_image\" \/>\n<meta name=\"twitter:label1\" content=\"Est. reading time\" \/>\n\t<meta name=\"twitter:data1\" content=\"1 minute\" \/>\n<script type=\"application\/ld+json\" class=\"yoast-schema-graph\">{\"@context\":\"https:\/\/schema.org\",\"@graph\":[{\"@type\":\"WebPage\",\"@id\":\"https:\/\/arkhamprojects.com\/our-creations\/lets-start-dreaming\/\",\"url\":\"https:\/\/arkhamprojects.com\/our-creations\/lets-start-dreaming\/\",\"name\":\"Let\u2019s Start Dreaming | What you envision, we bring to life\",\"isPartOf\":{\"@id\":\"https:\/\/arkhamprojects.com\/#website\"},\"datePublished\":\"2016-02-21T15:46:30+00:00\",\"dateModified\":\"2025-08-12T18:34:26+00:00\",\"description\":\"Bienvenido a Arkham, somos el despacho de arquitectos que convierten tus sue\u00f1os en realidades habitables. Cont\u00e1ctanos y juntos hagamos posible lo imposible.\",\"breadcrumb\":{\"@id\":\"https:\/\/arkhamprojects.com\/our-creations\/lets-start-dreaming\/#breadcrumb\"},\"inLanguage\":\"en-US\",\"potentialAction\":[{\"@type\":\"ReadAction\",\"target\":[\"https:\/\/arkhamprojects.com\/our-creations\/lets-start-dreaming\/\"]}]},{\"@type\":\"BreadcrumbList\",\"@id\":\"https:\/\/arkhamprojects.com\/our-creations\/lets-start-dreaming\/#breadcrumb\",\"itemListElement\":[{\"@type\":\"ListItem\",\"position\":1,\"name\":\"Inicio\",\"item\":\"https:\/\/arkhamprojects.com\/\"},{\"@type\":\"ListItem\",\"position\":2,\"name\":\"Our Creations\",\"item\":\"https:\/\/arkhamprojects.com\/our-creations\/\"},{\"@type\":\"ListItem\",\"position\":3,\"name\":\"Let\u2019s start dreaming\"}]},{\"@type\":\"WebSite\",\"@id\":\"https:\/\/arkhamprojects.com\/#website\",\"url\":\"https:\/\/arkhamprojects.com\/\",\"name\":\"Arkham Projects | From Dreams to Reality\",\"description\":\"Somos Arkham, un despacho de arquitectos en M\u00e9rida. Creamos sue\u00f1os a trav\u00e9s de arquitectura. We Create Spaces Inspired by People.\",\"potentialAction\":[{\"@type\":\"SearchAction\",\"target\":{\"@type\":\"EntryPoint\",\"urlTemplate\":\"https:\/\/arkhamprojects.com\/?s={search_term_string}\"},\"query-input\":\"required name=search_term_string\"}],\"inLanguage\":\"en-US\"}]}<\/script>\n<!-- \/ Yoast SEO plugin. -->","yoast_head_json":{"title":"Let\u2019s Start Dreaming | What you envision, we bring to life","description":"Bienvenido a Arkham, somos el despacho de arquitectos que convierten tus sue\u00f1os en realidades habitables. Cont\u00e1ctanos y juntos hagamos posible lo imposible.","robots":{"index":"index","follow":"follow","max-snippet":"max-snippet:-1","max-image-preview":"max-image-preview:large","max-video-preview":"max-video-preview:-1"},"canonical":"https:\/\/arkhamprojects.com\/en\/our-creations\/lets-start-dreaming\/","og_locale":"en_US","og_type":"article","og_title":"Let\u2019s Start Dreaming | What you envision, we bring to life","og_description":"Bienvenido a Arkham, somos el despacho de arquitectos que convierten tus sue\u00f1os en realidades habitables. Cont\u00e1ctanos y juntos hagamos posible lo imposible.","og_url":"https:\/\/arkhamprojects.com\/en\/our-creations\/lets-start-dreaming\/","og_site_name":"Arkham Projects | From Dreams to Reality","article_modified_time":"2025-08-12T18:34:26+00:00","twitter_card":"summary_large_image","twitter_misc":{"Est. reading time":"1 minute"},"schema":{"@context":"https:\/\/schema.org","@graph":[{"@type":"WebPage","@id":"https:\/\/arkhamprojects.com\/our-creations\/lets-start-dreaming\/","url":"https:\/\/arkhamprojects.com\/our-creations\/lets-start-dreaming\/","name":"Let\u2019s Start Dreaming | What you envision, we bring to life","isPartOf":{"@id":"https:\/\/arkhamprojects.com\/#website"},"datePublished":"2016-02-21T15:46:30+00:00","dateModified":"2025-08-12T18:34:26+00:00","description":"Bienvenido a Arkham, somos el despacho de arquitectos que convierten tus sue\u00f1os en realidades habitables. Cont\u00e1ctanos y juntos hagamos posible lo imposible.","breadcrumb":{"@id":"https:\/\/arkhamprojects.com\/our-creations\/lets-start-dreaming\/#breadcrumb"},"inLanguage":"en-US","potentialAction":[{"@type":"ReadAction","target":["https:\/\/arkhamprojects.com\/our-creations\/lets-start-dreaming\/"]}]},{"@type":"BreadcrumbList","@id":"https:\/\/arkhamprojects.com\/our-creations\/lets-start-dreaming\/#breadcrumb","itemListElement":[{"@type":"ListItem","position":1,"name":"Inicio","item":"https:\/\/arkhamprojects.com\/"},{"@type":"ListItem","position":2,"name":"Our Creations","item":"https:\/\/arkhamprojects.com\/our-creations\/"},{"@type":"ListItem","position":3,"name":"Let\u2019s start dreaming"}]},{"@type":"WebSite","@id":"https:\/\/arkhamprojects.com\/#website","url":"https:\/\/arkhamprojects.com\/","name":"Arkham Projects | From Dreams to Reality","description":"Somos Arkham, un despacho de arquitectos en M\u00e9rida. Creamos sue\u00f1os a trav\u00e9s de arquitectura. We Create Spaces Inspired by People.","potentialAction":[{"@type":"SearchAction","target":{"@type":"EntryPoint","urlTemplate":"https:\/\/arkhamprojects.com\/?s={search_term_string}"},"query-input":"required name=search_term_string"}],"inLanguage":"en-US"}]}},"_links":{"self":[{"href":"https:\/\/arkhamprojects.com\/en\/wp-json\/wp\/v2\/pages\/172","targetHints":{"allow":["GET"]}}],"collection":[{"href":"https:\/\/arkhamprojects.com\/en\/wp-json\/wp\/v2\/pages"}],"about":[{"href":"https:\/\/arkhamprojects.com\/en\/wp-json\/wp\/v2\/types\/page"}],"author":[{"embeddable":true,"href":"https:\/\/arkhamprojects.com\/en\/wp-json\/wp\/v2\/users\/1"}],"replies":[{"embeddable":true,"href":"https:\/\/arkhamprojects.com\/en\/wp-json\/wp\/v2\/comments?post=172"}],"version-history":[{"count":63,"href":"https:\/\/arkhamprojects.com\/en\/wp-json\/wp\/v2\/pages\/172\/revisions"}],"predecessor-version":[{"id":2046,"href":"https:\/\/arkhamprojects.com\/en\/wp-json\/wp\/v2\/pages\/172\/revisions\/2046"}],"up":[{"embeddable":true,"href":"https:\/\/arkhamprojects.com\/en\/wp-json\/wp\/v2\/pages\/369"}],"wp:attachment":[{"href":"https:\/\/arkhamprojects.com\/en\/wp-json\/wp\/v2\/media?parent=172"}],"curies":[{"name":"wp","href":"https:\/\/api.w.org\/{rel}","templated":true}]}}