{"id":349,"date":"2016-03-06T11:53:54","date_gmt":"2016-03-06T11:53:54","guid":{"rendered":"http:\/\/demowp.cththemes.net\/monolit\/?page_id=349"},"modified":"2016-03-06T11:53:54","modified_gmt":"2016-03-06T11:53:54","slug":"portfolio-horizontal","status":"publish","type":"page","link":"https:\/\/arkhamprojects.com\/en\/portfolio-horizontal\/","title":{"rendered":"Portfolio Horizontal"},"content":{"rendered":"","protected":false},"excerpt":{"rendered":"","protected":false},"author":1,"featured_media":0,"parent":0,"menu_order":0,"comment_status":"closed","ping_status":"closed","template":"portfolio-horizontal.php","meta":{"content-type":"","footnotes":""},"class_list":["post-349","page","type-page","status-publish","hentry"],"yoast_head":"<!-- This site is optimized with the Yoast SEO plugin v20.13 - https:\/\/yoast.com\/wordpress\/plugins\/seo\/ -->\n<title>Portfolio Horizontal - Arkham Projects | From Dreams to Reality<\/title>\n<meta name=\"robots\" content=\"index, follow, max-snippet:-1, max-image-preview:large, max-video-preview:-1\" \/>\n<link rel=\"canonical\" href=\"https:\/\/arkhamprojects.com\/en\/portfolio-horizontal\/\" \/>\n<meta property=\"og:locale\" content=\"en_US\" \/>\n<meta property=\"og:type\" content=\"article\" \/>\n<meta property=\"og:title\" content=\"Portfolio Horizontal - Arkham Projects | From Dreams to Reality\" \/>\n<meta property=\"og:url\" content=\"https:\/\/arkhamprojects.com\/en\/portfolio-horizontal\/\" \/>\n<meta property=\"og:site_name\" content=\"Arkham Projects | From Dreams to Reality\" \/>\n<meta name=\"twitter:card\" content=\"summary_large_image\" \/>\n<script type=\"application\/ld+json\" class=\"yoast-schema-graph\">{\"@context\":\"https:\/\/schema.org\",\"@graph\":[{\"@type\":\"WebPage\",\"@id\":\"https:\/\/arkhamprojects.com\/portfolio-horizontal\/\",\"url\":\"https:\/\/arkhamprojects.com\/portfolio-horizontal\/\",\"name\":\"Portfolio Horizontal - Arkham Projects | From Dreams to Reality\",\"isPartOf\":{\"@id\":\"https:\/\/arkhamprojects.com\/#website\"},\"datePublished\":\"2016-03-06T11:53:54+00:00\",\"dateModified\":\"2016-03-06T11:53:54+00:00\",\"breadcrumb\":{\"@id\":\"https:\/\/arkhamprojects.com\/portfolio-horizontal\/#breadcrumb\"},\"inLanguage\":\"en-US\",\"potentialAction\":[{\"@type\":\"ReadAction\",\"target\":[\"https:\/\/arkhamprojects.com\/portfolio-horizontal\/\"]}]},{\"@type\":\"BreadcrumbList\",\"@id\":\"https:\/\/arkhamprojects.com\/portfolio-horizontal\/#breadcrumb\",\"itemListElement\":[{\"@type\":\"ListItem\",\"position\":1,\"name\":\"Inicio\",\"item\":\"https:\/\/arkhamprojects.com\/\"},{\"@type\":\"ListItem\",\"position\":2,\"name\":\"Portfolio Horizontal\"}]},{\"@type\":\"WebSite\",\"@id\":\"https:\/\/arkhamprojects.com\/#website\",\"url\":\"https:\/\/arkhamprojects.com\/\",\"name\":\"Arkham Projects | From Dreams to Reality\",\"description\":\"Somos Arkham, un despacho de arquitectos en M\u00e9rida. Creamos sue\u00f1os a trav\u00e9s de arquitectura. We Create Spaces Inspired by People.\",\"potentialAction\":[{\"@type\":\"SearchAction\",\"target\":{\"@type\":\"EntryPoint\",\"urlTemplate\":\"https:\/\/arkhamprojects.com\/?s={search_term_string}\"},\"query-input\":\"required name=search_term_string\"}],\"inLanguage\":\"en-US\"}]}<\/script>\n<!-- \/ Yoast SEO plugin. -->","yoast_head_json":{"title":"Portfolio Horizontal - Arkham Projects | From Dreams to Reality","robots":{"index":"index","follow":"follow","max-snippet":"max-snippet:-1","max-image-preview":"max-image-preview:large","max-video-preview":"max-video-preview:-1"},"canonical":"https:\/\/arkhamprojects.com\/en\/portfolio-horizontal\/","og_locale":"en_US","og_type":"article","og_title":"Portfolio Horizontal - Arkham Projects | From Dreams to Reality","og_url":"https:\/\/arkhamprojects.com\/en\/portfolio-horizontal\/","og_site_name":"Arkham Projects | From Dreams to Reality","twitter_card":"summary_large_image","schema":{"@context":"https:\/\/schema.org","@graph":[{"@type":"WebPage","@id":"https:\/\/arkhamprojects.com\/portfolio-horizontal\/","url":"https:\/\/arkhamprojects.com\/portfolio-horizontal\/","name":"Portfolio Horizontal - Arkham Projects | From Dreams to Reality","isPartOf":{"@id":"https:\/\/arkhamprojects.com\/#website"},"datePublished":"2016-03-06T11:53:54+00:00","dateModified":"2016-03-06T11:53:54+00:00","breadcrumb":{"@id":"https:\/\/arkhamprojects.com\/portfolio-horizontal\/#breadcrumb"},"inLanguage":"en-US","potentialAction":[{"@type":"ReadAction","target":["https:\/\/arkhamprojects.com\/portfolio-horizontal\/"]}]},{"@type":"BreadcrumbList","@id":"https:\/\/arkhamprojects.com\/portfolio-horizontal\/#breadcrumb","itemListElement":[{"@type":"ListItem","position":1,"name":"Inicio","item":"https:\/\/arkhamprojects.com\/"},{"@type":"ListItem","position":2,"name":"Portfolio Horizontal"}]},{"@type":"WebSite","@id":"https:\/\/arkhamprojects.com\/#website","url":"https:\/\/arkhamprojects.com\/","name":"Arkham Projects | From Dreams to Reality","description":"Somos Arkham, un despacho de arquitectos en M\u00e9rida. Creamos sue\u00f1os a trav\u00e9s de arquitectura. We Create Spaces Inspired by People.","potentialAction":[{"@type":"SearchAction","target":{"@type":"EntryPoint","urlTemplate":"https:\/\/arkhamprojects.com\/?s={search_term_string}"},"query-input":"required name=search_term_string"}],"inLanguage":"en-US"}]}},"_links":{"self":[{"href":"https:\/\/arkhamprojects.com\/en\/wp-json\/wp\/v2\/pages\/349","targetHints":{"allow":["GET"]}}],"collection":[{"href":"https:\/\/arkhamprojects.com\/en\/wp-json\/wp\/v2\/pages"}],"about":[{"href":"https:\/\/arkhamprojects.com\/en\/wp-json\/wp\/v2\/types\/page"}],"author":[{"embeddable":true,"href":"https:\/\/arkhamprojects.com\/en\/wp-json\/wp\/v2\/users\/1"}],"replies":[{"embeddable":true,"href":"https:\/\/arkhamprojects.com\/en\/wp-json\/wp\/v2\/comments?post=349"}],"version-history":[{"count":0,"href":"https:\/\/arkhamprojects.com\/en\/wp-json\/wp\/v2\/pages\/349\/revisions"}],"wp:attachment":[{"href":"https:\/\/arkhamprojects.com\/en\/wp-json\/wp\/v2\/media?parent=349"}],"curies":[{"name":"wp","href":"https:\/\/api.w.org\/{rel}","templated":true}]}}