{"id":369,"date":"2016-03-06T16:50:43","date_gmt":"2016-03-06T16:50:43","guid":{"rendered":"http:\/\/demowp.cththemes.net\/monolit\/?page_id=369"},"modified":"2021-04-08T06:23:25","modified_gmt":"2021-04-08T06:23:25","slug":"our-creations","status":"publish","type":"page","link":"https:\/\/arkhamprojects.com\/en\/our-creations\/","title":{"rendered":"Our Creations"},"content":{"rendered":"","protected":false},"excerpt":{"rendered":"","protected":false},"author":1,"featured_media":0,"parent":0,"menu_order":0,"comment_status":"closed","ping_status":"closed","template":"portfolio-parallax.php","meta":{"content-type":"","footnotes":""},"class_list":["post-369","page","type-page","status-publish","hentry"],"yoast_head":"<!-- This site is optimized with the Yoast SEO plugin v20.13 - https:\/\/yoast.com\/wordpress\/plugins\/seo\/ -->\n<title>No Limits Allowed | We Let Our Creativity Do The Talking<\/title>\n<meta name=\"description\" content=\"En Arkham somos m\u00e1s que un despacho de arquitectura, somos la tribu que moldea la realidad a su antojo. Conoce todos los sue\u00f1os que hemos llevado a la realidad.\" \/>\n<meta name=\"robots\" content=\"index, follow, max-snippet:-1, max-image-preview:large, max-video-preview:-1\" \/>\n<link rel=\"canonical\" href=\"https:\/\/arkhamprojects.com\/en\/our-creations\/\" \/>\n<meta property=\"og:locale\" content=\"en_US\" \/>\n<meta property=\"og:type\" content=\"article\" \/>\n<meta property=\"og:title\" content=\"No Limits Allowed | We Let Our Creativity Do The Talking\" \/>\n<meta property=\"og:description\" content=\"En Arkham somos m\u00e1s que un despacho de arquitectura, somos la tribu que moldea la realidad a su antojo. Conoce todos los sue\u00f1os que hemos llevado a la realidad.\" \/>\n<meta property=\"og:url\" content=\"https:\/\/arkhamprojects.com\/en\/our-creations\/\" \/>\n<meta property=\"og:site_name\" content=\"Arkham Projects | From Dreams to Reality\" \/>\n<meta property=\"article:modified_time\" content=\"2021-04-08T06:23:25+00:00\" \/>\n<meta name=\"twitter:card\" content=\"summary_large_image\" \/>\n<script type=\"application\/ld+json\" class=\"yoast-schema-graph\">{\"@context\":\"https:\/\/schema.org\",\"@graph\":[{\"@type\":\"WebPage\",\"@id\":\"https:\/\/arkhamprojects.com\/our-creations\/\",\"url\":\"https:\/\/arkhamprojects.com\/our-creations\/\",\"name\":\"No Limits Allowed | We Let Our Creativity Do The Talking\",\"isPartOf\":{\"@id\":\"https:\/\/arkhamprojects.com\/#website\"},\"datePublished\":\"2016-03-06T16:50:43+00:00\",\"dateModified\":\"2021-04-08T06:23:25+00:00\",\"description\":\"En Arkham somos m\u00e1s que un despacho de arquitectura, somos la tribu que moldea la realidad a su antojo. Conoce todos los sue\u00f1os que hemos llevado a la realidad.\",\"breadcrumb\":{\"@id\":\"https:\/\/arkhamprojects.com\/our-creations\/#breadcrumb\"},\"inLanguage\":\"en-US\",\"potentialAction\":[{\"@type\":\"ReadAction\",\"target\":[\"https:\/\/arkhamprojects.com\/our-creations\/\"]}]},{\"@type\":\"BreadcrumbList\",\"@id\":\"https:\/\/arkhamprojects.com\/our-creations\/#breadcrumb\",\"itemListElement\":[{\"@type\":\"ListItem\",\"position\":1,\"name\":\"Inicio\",\"item\":\"https:\/\/arkhamprojects.com\/\"},{\"@type\":\"ListItem\",\"position\":2,\"name\":\"Our Creations\"}]},{\"@type\":\"WebSite\",\"@id\":\"https:\/\/arkhamprojects.com\/#website\",\"url\":\"https:\/\/arkhamprojects.com\/\",\"name\":\"Arkham Projects | From Dreams to Reality\",\"description\":\"Somos Arkham, un despacho de arquitectos en M\u00e9rida. Creamos sue\u00f1os a trav\u00e9s de arquitectura. We Create Spaces Inspired by People.\",\"potentialAction\":[{\"@type\":\"SearchAction\",\"target\":{\"@type\":\"EntryPoint\",\"urlTemplate\":\"https:\/\/arkhamprojects.com\/?s={search_term_string}\"},\"query-input\":\"required name=search_term_string\"}],\"inLanguage\":\"en-US\"}]}<\/script>\n<!-- \/ Yoast SEO plugin. -->","yoast_head_json":{"title":"No Limits Allowed | We Let Our Creativity Do The Talking","description":"En Arkham somos m\u00e1s que un despacho de arquitectura, somos la tribu que moldea la realidad a su antojo. Conoce todos los sue\u00f1os que hemos llevado a la realidad.","robots":{"index":"index","follow":"follow","max-snippet":"max-snippet:-1","max-image-preview":"max-image-preview:large","max-video-preview":"max-video-preview:-1"},"canonical":"https:\/\/arkhamprojects.com\/en\/our-creations\/","og_locale":"en_US","og_type":"article","og_title":"No Limits Allowed | We Let Our Creativity Do The Talking","og_description":"En Arkham somos m\u00e1s que un despacho de arquitectura, somos la tribu que moldea la realidad a su antojo. Conoce todos los sue\u00f1os que hemos llevado a la realidad.","og_url":"https:\/\/arkhamprojects.com\/en\/our-creations\/","og_site_name":"Arkham Projects | From Dreams to Reality","article_modified_time":"2021-04-08T06:23:25+00:00","twitter_card":"summary_large_image","schema":{"@context":"https:\/\/schema.org","@graph":[{"@type":"WebPage","@id":"https:\/\/arkhamprojects.com\/our-creations\/","url":"https:\/\/arkhamprojects.com\/our-creations\/","name":"No Limits Allowed | We Let Our Creativity Do The Talking","isPartOf":{"@id":"https:\/\/arkhamprojects.com\/#website"},"datePublished":"2016-03-06T16:50:43+00:00","dateModified":"2021-04-08T06:23:25+00:00","description":"En Arkham somos m\u00e1s que un despacho de arquitectura, somos la tribu que moldea la realidad a su antojo. Conoce todos los sue\u00f1os que hemos llevado a la realidad.","breadcrumb":{"@id":"https:\/\/arkhamprojects.com\/our-creations\/#breadcrumb"},"inLanguage":"en-US","potentialAction":[{"@type":"ReadAction","target":["https:\/\/arkhamprojects.com\/our-creations\/"]}]},{"@type":"BreadcrumbList","@id":"https:\/\/arkhamprojects.com\/our-creations\/#breadcrumb","itemListElement":[{"@type":"ListItem","position":1,"name":"Inicio","item":"https:\/\/arkhamprojects.com\/"},{"@type":"ListItem","position":2,"name":"Our Creations"}]},{"@type":"WebSite","@id":"https:\/\/arkhamprojects.com\/#website","url":"https:\/\/arkhamprojects.com\/","name":"Arkham Projects | From Dreams to Reality","description":"Somos Arkham, un despacho de arquitectos en M\u00e9rida. Creamos sue\u00f1os a trav\u00e9s de arquitectura. We Create Spaces Inspired by People.","potentialAction":[{"@type":"SearchAction","target":{"@type":"EntryPoint","urlTemplate":"https:\/\/arkhamprojects.com\/?s={search_term_string}"},"query-input":"required name=search_term_string"}],"inLanguage":"en-US"}]}},"_links":{"self":[{"href":"https:\/\/arkhamprojects.com\/en\/wp-json\/wp\/v2\/pages\/369","targetHints":{"allow":["GET"]}}],"collection":[{"href":"https:\/\/arkhamprojects.com\/en\/wp-json\/wp\/v2\/pages"}],"about":[{"href":"https:\/\/arkhamprojects.com\/en\/wp-json\/wp\/v2\/types\/page"}],"author":[{"embeddable":true,"href":"https:\/\/arkhamprojects.com\/en\/wp-json\/wp\/v2\/users\/1"}],"replies":[{"embeddable":true,"href":"https:\/\/arkhamprojects.com\/en\/wp-json\/wp\/v2\/comments?post=369"}],"version-history":[{"count":2,"href":"https:\/\/arkhamprojects.com\/en\/wp-json\/wp\/v2\/pages\/369\/revisions"}],"predecessor-version":[{"id":1653,"href":"https:\/\/arkhamprojects.com\/en\/wp-json\/wp\/v2\/pages\/369\/revisions\/1653"}],"wp:attachment":[{"href":"https:\/\/arkhamprojects.com\/en\/wp-json\/wp\/v2\/media?parent=369"}],"curies":[{"name":"wp","href":"https:\/\/api.w.org\/{rel}","templated":true}]}}