{"id":380,"date":"2016-03-08T10:29:27","date_gmt":"2016-03-08T10:29:27","guid":{"rendered":"http:\/\/demowp.cththemes.net\/monolit\/?page_id=380"},"modified":"2016-03-08T10:29:27","modified_gmt":"2016-03-08T10:29:27","slug":"home-slideshow","status":"publish","type":"page","link":"https:\/\/arkhamprojects.com\/en\/home-slideshow\/","title":{"rendered":"Home Slideshow"},"content":{"rendered":"<div  class='monolit_sec monolit_fulh_sec content full-height'>\n                      \n            <div class=\"container-fluid full-height\">\n                <div class=\"row full-height\">\n                <div class=\"wpb_column vc_column_container vc_col-sm-12\"><div class=\"vc_column-inner vc_custom_1455730804223\"><div class=\"wpb_wrapper\">\n<!-- Hero section   -->\n<div class=\"hero-wrap hero-wrap-home-slideshow\">\n            <div class=\"slideshow-item owl-carousel owl-theme refrestonresizeowl\" data-options='{\"autoplaySpeed\":3600,\"autoplayTimeout\":4000,\"items\":1}' data-top-bottom=\"transform: translateY(300px);\" data-bottom-top=\"transform: translateY(-300px);\">\n                        <div class=\"item\">\n                <div class=\"bg\" style=\"background-image:url(https:\/\/arkhamprojects.com\/wp-content\/uploads\/2016\/02\/1.jpg)\"><\/div>\n            <\/div>\n                        <div class=\"item\">\n                <div class=\"bg\" style=\"background-image:url(https:\/\/arkhamprojects.com\/wp-content\/uploads\/2016\/02\/2.jpg)\"><\/div>\n            <\/div>\n                        <div class=\"item\">\n                <div class=\"bg\" style=\"background-image:url(https:\/\/arkhamprojects.com\/wp-content\/uploads\/2016\/02\/3.jpg)\"><\/div>\n            <\/div>\n                    <\/div>\n            <div class=\"overlay\" style=\"opacity:0.2;\"><\/div>\n    <div class=\"hero-wrap-item center-item\">\n        <h2>Monolit Studio<\/h2>\n<h3>Architecture<\/h3>\n    <\/div>\n        <a href=\"#sec1\" class=\"hero-scroll-link custom-scroll-link\" data-top-bottom=\"transform: translateY(50px);\" data-bottom-top=\"transform: translateY(-50px);\"><i class=\"fa fa-angle-down\"><\/i><\/a>\n    <\/div>\n<!-- Hero section   end --><\/div><\/div><\/div>            <\/div>\n        <\/div>\n<\/div>\n\n<div id='sec1' class='monolit_sec monolit_page_sec content'>\n\n \n\n    <section>\n    <!-- section number   -->\n    <div class=\"sect-subtitle right-align-dec\" data-top-bottom=\"transform: translateY(200px);\" data-bottom-top=\"transform: translateY(-200px);\">\n    <span>01<\/span><\/div>\n    <!-- section number  end  -->\n                <div class=\"container\">\n                <div class=\"row\">\n                <div class=\"wpb_column vc_column_container vc_col-sm-12 vc_col-md-4\"><div class=\"vc_column-inner\"><div class=\"wpb_wrapper\">    <!-- single slider  -->\n    <div class=\"parallax-box slider-box\"\n         data-top-bottom=\"transform: translateY(-150px);\" data-bottom-top=\"transform: translateY(150px);\"\n        >\n        <div class=\"single-slider-holder\"  data-looped=\"0\">\n            <div class=\"single-slider owl-carousel owl-theme refrestonresizeowl\" data-options='{\"autoplaySpeed\":3600,\"autoplayTimeout\":4000,\"autoHeight\":true,\"autoplay\":false,\"items\":1,\"responsive\":false,\"loop\":false,\"dots\":true,\"center\":false,\"autoWidth\":false,\"smartSpeed\":1300}'>\n                                <div class=\"item\">\n                    <img loading=\"lazy\" decoding=\"async\" width=\"600\" height=\"1000\" src=\"https:\/\/arkhamprojects.com\/wp-content\/uploads\/2016\/02\/3-1.jpg\" class=\"respimg\" alt=\"\" srcset=\"https:\/\/arkhamprojects.com\/wp-content\/uploads\/2016\/02\/3-1.jpg 600w, https:\/\/arkhamprojects.com\/wp-content\/uploads\/2016\/02\/3-1-180x300.jpg 180w\" sizes=\"auto, (max-width: 600px) 100vw, 600px\" \/>                                <\/div>\n\n                                <div class=\"item\">\n                    <img loading=\"lazy\" decoding=\"async\" width=\"600\" height=\"1000\" src=\"https:\/\/arkhamprojects.com\/wp-content\/uploads\/2016\/02\/2-1.jpg\" class=\"respimg\" alt=\"\" srcset=\"https:\/\/arkhamprojects.com\/wp-content\/uploads\/2016\/02\/2-1.jpg 600w, https:\/\/arkhamprojects.com\/wp-content\/uploads\/2016\/02\/2-1-180x300.jpg 180w\" sizes=\"auto, (max-width: 600px) 100vw, 600px\" \/>                                <\/div>\n\n                                <div class=\"item\">\n                    <img loading=\"lazy\" decoding=\"async\" width=\"600\" height=\"1000\" src=\"https:\/\/arkhamprojects.com\/wp-content\/uploads\/2016\/02\/1-1.jpg\" class=\"respimg\" alt=\"\" srcset=\"https:\/\/arkhamprojects.com\/wp-content\/uploads\/2016\/02\/1-1.jpg 600w, https:\/\/arkhamprojects.com\/wp-content\/uploads\/2016\/02\/1-1-180x300.jpg 180w\" sizes=\"auto, (max-width: 600px) 100vw, 600px\" \/>                                <\/div>\n\n                            <\/div>\n            <div class=\"customNavigation ssn\">\n                <a class=\"prev-slide transition\"><i class=\"fa fa-angle-left\"><\/i><\/a>\n                <a class=\"next-slide transition\"><i class=\"fa fa-angle-right\"><\/i><\/a>\n            <\/div>\n        <\/div>\n        <!-- single slider  end -->\n    <\/div>\n\n    <\/div><\/div><\/div><div class=\"wpb_column vc_column_container vc_col-sm-12 vc_col-md-8\"><div class=\"vc_column-inner\"><div class=\"wpb_wrapper\">\n\t<div class=\"wpb_text_column wpb_content_element\" >\n\t\t<div class=\"wpb_wrapper\">\n\t\t\t<h2 class=\"section-title\">Welcome we <strong>are Monolit<\/strong><\/h2>\n<p class=\"no-rep\">Our team takes over everything, from an idea and concept development to realization. We believe in traditions and incorporate them within our innovations. All our projects incorporate a unique artistic image and functional solutions. Client is the soul of the project. Our main goal is to illustrate his\/hers values and individuality through design.<\/p>\n<p class=\"no-rep\">Our team takes over everything, from an idea and concept development to realization. We believe in traditions and incorporate them within our innovations. All our projects incorporate a unique artistic image and functional solutions. Client is the soul of the project. Our main goal is to illustrate his\/hers values and individuality through design.<\/p>\n<div class=\"process-box\">\n<h3>Our process<\/h3>\n<ul class=\"creat-list\">\n<li><a href=\"#\">Idea &amp; Start<\/a><\/li>\n<li><a href=\"#\">Design &amp; Crate<\/a><\/li>\n<li><a href=\"#\">Build &amp; Finish<\/a><\/li>\n<\/ul>\n<\/div>\n<div><a class=\"btn anim-button fl-l\" href=\"\/en\/portfolio.html\/\"><span class=\"no-rep\">View Our portfolio<\/span><i class=\"fa fa-long-arrow-right\"><\/i><\/a><\/div>\n\n\t\t<\/div>\n\t<\/div>\n<\/div><\/div><\/div>            <\/div>\n        <\/div>\n    <\/section>\n<\/div>\n\n<div  class='monolit_sec monolit_page_sec content dark-bg'>\n\n    <!-- parallax image  -->                        \n    <div class=\"parallax-inner\">\n        <div class=\"bg\" data-bg=\"\" data-top-bottom=\"transform: translateY(300px);\" data-bottom-top=\"transform: translateY(-300px);\"><\/div>\n        <div class=\"overlay\" style=\"opacity:0.8;\"><\/div>\n    <\/div>\n    <!-- parallax image  end -->  \n \n\n    <section>\n    <div class=\"sect-subtitle left-align-dec\" data-top-bottom=\"transform: translateY(-200px);\" data-bottom-top=\"transform: translateY(200px);\">\n    <span>02<\/span><\/div>\n    <!-- section number  end  -->\n                <div class=\"container\">\n                <div class=\"row\">\n                <div class=\"wpb_column vc_column_container vc_col-sm-12\"><div class=\"vc_column-inner\"><div class=\"wpb_wrapper\"><div class=\"vc_row wpb_row vc_inner vc_row-fluid\"><div class=\"wpb_column vc_column_container vc_col-sm-12 vc_col-md-4\"><div class=\"vc_column-inner\"><div class=\"wpb_wrapper\">\n\t<div class=\"wpb_text_column wpb_content_element\" >\n\t\t<div class=\"wpb_wrapper\">\n\t\t\t<h2 class=\"section-title\">Some Interisting <strong> Facts<\/strong><\/h2>\n\n\t\t<\/div>\n\t<\/div>\n<\/div><\/div><\/div><div class=\"wpb_column vc_column_container vc_col-sm-12 vc_col-md-8\"><div class=\"vc_column-inner\"><div class=\"wpb_wrapper\">\n\t<div class=\"wpb_text_column wpb_content_element\" >\n\t\t<div class=\"wpb_wrapper\">\n\t\t\t<p class=\"no-rep\">Our team takes over everything, from an idea and concept development to realization. We believe in traditions and incorporate them within our innovations. All our projects incorporate a unique artistic image and functional solutions. Client is the soul of the project. Our main goal is to illustrate his\/hers values and individuality through design.<\/p>\n\n\t\t<\/div>\n\t<\/div>\n<\/div><\/div><\/div><\/div><div class=\"vc_row wpb_row vc_inner vc_row-fluid\"><div class=\"wpb_column vc_column_container vc_col-sm-12 vc_col-md-4\"><div class=\"vc_column-inner\"><div class=\"wpb_wrapper\"><\/div><\/div><\/div><div class=\"inline-facts-holder row wpb_column vc_column_container vc_col-sm-12 vc_col-md-8\"><div class=\"vc_column-inner\"><div class=\"wpb_wrapper\"><div class=\"inline-facts col-md-4\"\n>\n        <div class=\"milestone-counter\">\n        <div class=\"stats animaper\">\n            <div class=\"num\" data-content=\"461\" data-num=\"461\">0<\/div>\n        <\/div>\n    <\/div>\n<h6>Finished projects<\/h6>\n<p><\/div><div class=\"inline-facts col-md-4\"\n data-top-bottom=\"transform: translateY(80px);\" data-bottom-top=\"transform: translateY(-80px);\"\n>\n        <div class=\"milestone-counter\">\n        <div class=\"stats animaper\">\n            <div class=\"num\" data-content=\"168\" data-num=\"168\">0<\/div>\n        <\/div>\n    <\/div>\n<h6>Happy customers<\/h6>\n<p><\/div><div class=\"inline-facts col-md-4\"\n data-top-bottom=\"transform: translateY(100px);\" data-bottom-top=\"transform: translateY(-100px);\"\n>\n        <div class=\"milestone-counter\">\n        <div class=\"stats animaper\">\n            <div class=\"num\" data-content=\"222\" data-num=\"222\">0<\/div>\n        <\/div>\n    <\/div>\n<h6>Working hours<\/h6>\n<p><\/div><\/div><\/div><\/div><\/div><\/div><\/div><\/div>            <\/div>\n        <\/div>\n    <\/section>\n<\/div>\n\n<div  class='monolit_sec monolit_page_sec content'>\n\n \n\n    <section>\n    <!-- section number   -->\n    <div class=\"sect-subtitle right-align-dec\" data-top-bottom=\"transform: translateY(200px);\" data-bottom-top=\"transform: translateY(-200px);\">\n    <span>03<\/span><\/div>\n    <!-- section number  end  -->\n                <div class=\"container\">\n                <div class=\"row\">\n                <div class=\"wpb_column vc_column_container vc_col-sm-12\"><div class=\"vc_column-inner\"><div class=\"wpb_wrapper\">\n\t<div class=\"wpb_text_column wpb_content_element\" >\n\t\t<div class=\"wpb_wrapper\">\n\t\t\t<h2 class=\"section-title algn-right dec-title\"><span class=\"no-rep\">Our featured <strong> Works<\/strong><\/span><\/h2>\n\n\t\t<\/div>\n\t<\/div>\n\n<div class=\"portfolios_parallax-element\">\n    \n\n                <!-- 1 -->\n        <div class=\"row post-61 portfolio type-portfolio status-publish has-post-thumbnail hentry portfolio_cat-comercial\">\n                        <div class=\"col-md-7\">\n                <div class=\"parallax-item left-direction\">\n                    <div class=\"paralax-media\">\n                                            <ul class=\"creat-list\">\n                                                    <li><a href=\"#\">2016<\/a><\/li>\n                                                <li><a href=\"https:\/\/arkhamprojects.com\/en\/portfolio_cat\/comercial\/\">Comercial<\/a><\/li>                                                <\/ul>\n                                            <div class=\"paralax-wrap\">\n                            <a href=\"https:\/\/arkhamprojects.com\/en\/portfolio\/miyabi\/\">\n                                <img loading=\"lazy\" decoding=\"async\" width=\"2560\" height=\"1707\" src=\"https:\/\/arkhamprojects.com\/wp-content\/uploads\/2016\/02\/3MIYABI.-Diseno-de-interiores.-Merida-Yucatan-min-scaled.jpg\" class=\"respimg wp-post-image\" alt=\"\" srcset=\"https:\/\/arkhamprojects.com\/wp-content\/uploads\/2016\/02\/3MIYABI.-Diseno-de-interiores.-Merida-Yucatan-min-scaled.jpg 2560w, https:\/\/arkhamprojects.com\/wp-content\/uploads\/2016\/02\/3MIYABI.-Diseno-de-interiores.-Merida-Yucatan-min-300x200.jpg 300w, https:\/\/arkhamprojects.com\/wp-content\/uploads\/2016\/02\/3MIYABI.-Diseno-de-interiores.-Merida-Yucatan-min-1024x683.jpg 1024w, https:\/\/arkhamprojects.com\/wp-content\/uploads\/2016\/02\/3MIYABI.-Diseno-de-interiores.-Merida-Yucatan-min-768x512.jpg 768w, https:\/\/arkhamprojects.com\/wp-content\/uploads\/2016\/02\/3MIYABI.-Diseno-de-interiores.-Merida-Yucatan-min-1536x1024.jpg 1536w, https:\/\/arkhamprojects.com\/wp-content\/uploads\/2016\/02\/3MIYABI.-Diseno-de-interiores.-Merida-Yucatan-min-2048x1365.jpg 2048w\" sizes=\"auto, (max-width: 2560px) 100vw, 2560px\" \/>                            <\/a>\n                        <\/div>\n                    <\/div>\n                    <div class=\"parallax-deck\" data-top-bottom=\"transform: translateY(-200px);\" data-bottom-top=\"transform: translateY(200px);\">\n                        <div class=\"parallax-deck-item\">\n                            <h3 class=\"folio-title\">Miyabi<\/h3>                                                                                <a href=\"https:\/\/arkhamprojects.com\/en\/portfolio\/miyabi\/\" class=\"btn anim-button fl-l\"><span>View Project<\/span><i class=\"fa fa-long-arrow-right\"><\/i><\/a>\n                                                <\/div>\n                    <\/div>\n                <\/div>\n            <\/div>\n                        <div class=\"col-md-5\"><\/div>\n                    <\/div>\n        <!-- 1 end-->\n\n    \n\n                <!-- 2 -->\n        <div class=\"row post-60 portfolio type-portfolio status-publish has-post-thumbnail hentry portfolio_cat-comercial\">\n                        <div class=\"col-md-5\"><\/div>\n                        <div class=\"col-md-7\">\n                <div class=\"parallax-item right-direction\">\n                    <div class=\"paralax-media\">\n                                            <ul class=\"creat-list\">\n                                                    <li><a href=\"#\">2017<\/a><\/li>\n                                                <li><a href=\"https:\/\/arkhamprojects.com\/en\/portfolio_cat\/comercial\/\">Comercial<\/a><\/li>                                                <\/ul>\n                                            <div class=\"paralax-wrap\">\n                            <a href=\"https:\/\/arkhamprojects.com\/en\/portfolio\/zu\/\">\n                                <img loading=\"lazy\" decoding=\"async\" width=\"1920\" height=\"1285\" src=\"https:\/\/arkhamprojects.com\/wp-content\/uploads\/2016\/02\/zu.jpg\" class=\"respimg wp-post-image\" alt=\"\" srcset=\"https:\/\/arkhamprojects.com\/wp-content\/uploads\/2016\/02\/zu.jpg 1920w, https:\/\/arkhamprojects.com\/wp-content\/uploads\/2016\/02\/zu-300x201.jpg 300w, https:\/\/arkhamprojects.com\/wp-content\/uploads\/2016\/02\/zu-1024x685.jpg 1024w, https:\/\/arkhamprojects.com\/wp-content\/uploads\/2016\/02\/zu-768x514.jpg 768w, https:\/\/arkhamprojects.com\/wp-content\/uploads\/2016\/02\/zu-1536x1028.jpg 1536w\" sizes=\"auto, (max-width: 1920px) 100vw, 1920px\" \/>                            <\/a>\n                        <\/div>\n                    <\/div>\n                    <div class=\"parallax-deck\" data-top-bottom=\"transform: translateY(-200px);\" data-bottom-top=\"transform: translateY(200px);\">\n                        <div class=\"parallax-deck-item\">\n                            <h3 class=\"folio-title\">Z\u00fa<\/h3>                                                                                <a href=\"https:\/\/arkhamprojects.com\/en\/portfolio\/zu\/\" class=\"btn anim-button fl-l\"><span>View Project<\/span><i class=\"fa fa-long-arrow-right\"><\/i><\/a>\n                                                <\/div>\n                    <\/div>\n                <\/div>\n            <\/div>\n                    <\/div>\n        <!-- 2 end-->\n\n    \n\n                <!-- 3 -->\n        <div class=\"row post-62 portfolio type-portfolio status-publish has-post-thumbnail hentry portfolio_cat-comercial\">\n                        <div class=\"col-md-7\">\n                <div class=\"parallax-item left-direction\">\n                    <div class=\"paralax-media\">\n                                            <ul class=\"creat-list\">\n                                                    <li><a href=\"#\">2019<\/a><\/li>\n                                                <li><a href=\"https:\/\/arkhamprojects.com\/en\/portfolio_cat\/comercial\/\">Comercial<\/a><\/li>                                                <\/ul>\n                                            <div class=\"paralax-wrap\">\n                            <a href=\"https:\/\/arkhamprojects.com\/en\/portfolio\/okana\/\">\n                                <img loading=\"lazy\" decoding=\"async\" width=\"2560\" height=\"1709\" src=\"https:\/\/arkhamprojects.com\/wp-content\/uploads\/2019\/02\/Okana-2-scaled.jpg\" class=\"respimg wp-post-image\" alt=\"\" srcset=\"https:\/\/arkhamprojects.com\/wp-content\/uploads\/2019\/02\/Okana-2-scaled.jpg 2560w, https:\/\/arkhamprojects.com\/wp-content\/uploads\/2019\/02\/Okana-2-300x200.jpg 300w, https:\/\/arkhamprojects.com\/wp-content\/uploads\/2019\/02\/Okana-2-1024x684.jpg 1024w, https:\/\/arkhamprojects.com\/wp-content\/uploads\/2019\/02\/Okana-2-768x513.jpg 768w, https:\/\/arkhamprojects.com\/wp-content\/uploads\/2019\/02\/Okana-2-1536x1025.jpg 1536w, https:\/\/arkhamprojects.com\/wp-content\/uploads\/2019\/02\/Okana-2-2048x1367.jpg 2048w\" sizes=\"auto, (max-width: 2560px) 100vw, 2560px\" \/>                            <\/a>\n                        <\/div>\n                    <\/div>\n                    <div class=\"parallax-deck\" data-top-bottom=\"transform: translateY(-200px);\" data-bottom-top=\"transform: translateY(200px);\">\n                        <div class=\"parallax-deck-item\">\n                            <h3 class=\"folio-title\">Okana<\/h3>                                                                                <a href=\"https:\/\/arkhamprojects.com\/en\/portfolio\/okana\/\" class=\"btn anim-button fl-l\"><span>View Project<\/span><i class=\"fa fa-long-arrow-right\"><\/i><\/a>\n                                                <\/div>\n                    <\/div>\n                <\/div>\n            <\/div>\n                        <div class=\"col-md-5\"><\/div>\n                    <\/div>\n        <!-- 3 end-->\n\n                    <!-- custom-link-holder  -->\n        <div class=\"custom-link-holder\">\n            <a href=\"http:\/\/demowp.cththemes.net\/monolit\/portfolio-horizontal\/\" class=\"btn anim-button\"  data-top-bottom=\"transform: translateY(-50px);\" data-bottom-top=\"transform: translateY(50px);\"><span>View All Projects<\/span><i class=\"fa fa-long-arrow-right\"><\/i><\/a>\n        <\/div>\n        <!-- custom-link-holder  end -->\n        <\/div>\n\n\n<\/div><\/div><\/div>            <\/div>\n        <\/div>\n    <\/section>\n<\/div>","protected":false},"excerpt":{"rendered":"Home Project details Okana Es tensio\u0301n; tensio\u0301n entre lo blanco y lo negro, lo artesanal y lo industrial, la perfecci\u00f3n en producci\u00f3n y la mano libre. Es un espacio atemporal libre de cliche\u0301s, donde la comida es protagonista y los detalles arquitecto\u0301nicos pasan a segundo plano. Ubicaci\u00f3n: M\u00e9rida, Yucat\u00e1n Tipo de Proyecto: Comercial A\u00f1o: 2018 [...]","protected":false},"author":1,"featured_media":0,"parent":0,"menu_order":0,"comment_status":"closed","ping_status":"closed","template":"homepage.php","meta":{"content-type":"","footnotes":""},"class_list":["post-380","page","type-page","status-publish","hentry"],"yoast_head":"<!-- This site is optimized with the Yoast SEO plugin v20.13 - https:\/\/yoast.com\/wordpress\/plugins\/seo\/ -->\n<title>Home Slideshow - Arkham Projects | From Dreams to Reality<\/title>\n<meta name=\"robots\" content=\"index, follow, max-snippet:-1, max-image-preview:large, max-video-preview:-1\" \/>\n<link rel=\"canonical\" href=\"https:\/\/arkhamprojects.com\/en\/home-slideshow\/\" \/>\n<meta property=\"og:locale\" content=\"en_US\" \/>\n<meta property=\"og:type\" content=\"article\" \/>\n<meta property=\"og:title\" content=\"Home Slideshow - Arkham Projects | From Dreams to Reality\" \/>\n<meta property=\"og:url\" content=\"https:\/\/arkhamprojects.com\/en\/home-slideshow\/\" \/>\n<meta property=\"og:site_name\" content=\"Arkham Projects | From Dreams to Reality\" \/>\n<meta name=\"twitter:card\" content=\"summary_large_image\" \/>\n<meta name=\"twitter:label1\" content=\"Est. reading time\" \/>\n\t<meta name=\"twitter:data1\" content=\"2 minutes\" \/>\n<script type=\"application\/ld+json\" class=\"yoast-schema-graph\">{\"@context\":\"https:\/\/schema.org\",\"@graph\":[{\"@type\":\"WebPage\",\"@id\":\"https:\/\/arkhamprojects.com\/home-slideshow\/\",\"url\":\"https:\/\/arkhamprojects.com\/home-slideshow\/\",\"name\":\"Home Slideshow - Arkham Projects | From Dreams to Reality\",\"isPartOf\":{\"@id\":\"https:\/\/arkhamprojects.com\/#website\"},\"datePublished\":\"2016-03-08T10:29:27+00:00\",\"dateModified\":\"2016-03-08T10:29:27+00:00\",\"breadcrumb\":{\"@id\":\"https:\/\/arkhamprojects.com\/home-slideshow\/#breadcrumb\"},\"inLanguage\":\"en-US\",\"potentialAction\":[{\"@type\":\"ReadAction\",\"target\":[\"https:\/\/arkhamprojects.com\/home-slideshow\/\"]}]},{\"@type\":\"BreadcrumbList\",\"@id\":\"https:\/\/arkhamprojects.com\/home-slideshow\/#breadcrumb\",\"itemListElement\":[{\"@type\":\"ListItem\",\"position\":1,\"name\":\"Inicio\",\"item\":\"https:\/\/arkhamprojects.com\/\"},{\"@type\":\"ListItem\",\"position\":2,\"name\":\"Home Slideshow\"}]},{\"@type\":\"WebSite\",\"@id\":\"https:\/\/arkhamprojects.com\/#website\",\"url\":\"https:\/\/arkhamprojects.com\/\",\"name\":\"Arkham Projects | From Dreams to Reality\",\"description\":\"Somos Arkham, un despacho de arquitectos en M\u00e9rida. Creamos sue\u00f1os a trav\u00e9s de arquitectura. We Create Spaces Inspired by People.\",\"potentialAction\":[{\"@type\":\"SearchAction\",\"target\":{\"@type\":\"EntryPoint\",\"urlTemplate\":\"https:\/\/arkhamprojects.com\/?s={search_term_string}\"},\"query-input\":\"required name=search_term_string\"}],\"inLanguage\":\"en-US\"}]}<\/script>\n<!-- \/ Yoast SEO plugin. -->","yoast_head_json":{"title":"Home Slideshow - Arkham Projects | From Dreams to Reality","robots":{"index":"index","follow":"follow","max-snippet":"max-snippet:-1","max-image-preview":"max-image-preview:large","max-video-preview":"max-video-preview:-1"},"canonical":"https:\/\/arkhamprojects.com\/en\/home-slideshow\/","og_locale":"en_US","og_type":"article","og_title":"Home Slideshow - Arkham Projects | From Dreams to Reality","og_url":"https:\/\/arkhamprojects.com\/en\/home-slideshow\/","og_site_name":"Arkham Projects | From Dreams to Reality","twitter_card":"summary_large_image","twitter_misc":{"Est. reading time":"2 minutes"},"schema":{"@context":"https:\/\/schema.org","@graph":[{"@type":"WebPage","@id":"https:\/\/arkhamprojects.com\/home-slideshow\/","url":"https:\/\/arkhamprojects.com\/home-slideshow\/","name":"Home Slideshow - Arkham Projects | From Dreams to Reality","isPartOf":{"@id":"https:\/\/arkhamprojects.com\/#website"},"datePublished":"2016-03-08T10:29:27+00:00","dateModified":"2016-03-08T10:29:27+00:00","breadcrumb":{"@id":"https:\/\/arkhamprojects.com\/home-slideshow\/#breadcrumb"},"inLanguage":"en-US","potentialAction":[{"@type":"ReadAction","target":["https:\/\/arkhamprojects.com\/home-slideshow\/"]}]},{"@type":"BreadcrumbList","@id":"https:\/\/arkhamprojects.com\/home-slideshow\/#breadcrumb","itemListElement":[{"@type":"ListItem","position":1,"name":"Inicio","item":"https:\/\/arkhamprojects.com\/"},{"@type":"ListItem","position":2,"name":"Home Slideshow"}]},{"@type":"WebSite","@id":"https:\/\/arkhamprojects.com\/#website","url":"https:\/\/arkhamprojects.com\/","name":"Arkham Projects | From Dreams to Reality","description":"Somos Arkham, un despacho de arquitectos en M\u00e9rida. Creamos sue\u00f1os a trav\u00e9s de arquitectura. We Create Spaces Inspired by People.","potentialAction":[{"@type":"SearchAction","target":{"@type":"EntryPoint","urlTemplate":"https:\/\/arkhamprojects.com\/?s={search_term_string}"},"query-input":"required name=search_term_string"}],"inLanguage":"en-US"}]}},"_links":{"self":[{"href":"https:\/\/arkhamprojects.com\/en\/wp-json\/wp\/v2\/pages\/380","targetHints":{"allow":["GET"]}}],"collection":[{"href":"https:\/\/arkhamprojects.com\/en\/wp-json\/wp\/v2\/pages"}],"about":[{"href":"https:\/\/arkhamprojects.com\/en\/wp-json\/wp\/v2\/types\/page"}],"author":[{"embeddable":true,"href":"https:\/\/arkhamprojects.com\/en\/wp-json\/wp\/v2\/users\/1"}],"replies":[{"embeddable":true,"href":"https:\/\/arkhamprojects.com\/en\/wp-json\/wp\/v2\/comments?post=380"}],"version-history":[{"count":0,"href":"https:\/\/arkhamprojects.com\/en\/wp-json\/wp\/v2\/pages\/380\/revisions"}],"wp:attachment":[{"href":"https:\/\/arkhamprojects.com\/en\/wp-json\/wp\/v2\/media?parent=380"}],"curies":[{"name":"wp","href":"https:\/\/api.w.org\/{rel}","templated":true}]}}