{"id":384,"date":"2016-03-08T10:30:20","date_gmt":"2016-03-08T10:30:20","guid":{"rendered":"http:\/\/demowp.cththemes.net\/monolit\/?page_id=384"},"modified":"2025-08-12T18:41:34","modified_gmt":"2025-08-12T18:41:34","slug":"home-vimeo-video","status":"publish","type":"page","link":"https:\/\/arkhamprojects.com\/en\/","title":{"rendered":"ARKHAM PROJECTS"},"content":{"rendered":"<div  class='monolit_sec monolit_fulh_sec content full-height'>\n                      \n            <div class=\"container-fluid full-height\">\n                <div class=\"row full-height\">\n                <div class=\"wpb_column vc_column_container vc_col-sm-12\"><div class=\"vc_column-inner vc_custom_1455730804223\"><div class=\"wpb_wrapper\"><div class=\"hero-wrap hero-wrap-home-vimeo-video\">\n    <div class=\"media-container\" data-top-bottom=\"transform: translateY(100px);\" data-bottom-top=\"transform: translateY(-100px);\">\n        <div class=\"video-mask\"><\/div>\n        <div class=\"video-holder\">\n            <div  class=\"background-vimeo\" data-opts='{\"video\":\"527576601\",\"quality\":\"1080p\",\"mute\":\"1\",\"loop\":\"1\"}'> <\/div>\n            <div class=\"mob-bg bg\" \n            ><\/div>\n        <\/div>\n\n    <\/div>\n    <div class=\"overlay\" style=\"opacity:0.2;\"><\/div>\n    <div class=\"hero-wrap-item center-item\">\n        <p><img decoding=\"async\" class=\"alignnone size-full wp-image-788 logoHome\" style=\"width: 32%; margin: 0 auto; display: block;\" src=\"https:\/\/test.arkhamprojects.com\/wp-content\/uploads\/2021\/04\/arkham-projects-logotipo-home.svg\" alt=\"\" \/><\/p>\n    <\/div>\n        <a href=\"#sec1\" class=\"hero-scroll-link custom-scroll-link\" data-top-bottom=\"transform: translateY(50px);\" data-bottom-top=\"transform: translateY(-50px);\"><i class=\"fa fa-angle-down\"><\/i><\/a>\n    <\/div><\/div><\/div><\/div>            <\/div>\n        <\/div>\n<\/div>\n\n<div id='sec1' class='monolit_sec monolit_page_sec content'>\n\n \n\n    <section>\n    <!-- section number   -->\n    <div class=\"sect-subtitle right-align-dec\" data-top-bottom=\"transform: translateY(200px);\" data-bottom-top=\"transform: translateY(-200px);\">\n    <span>01<\/span><\/div>\n    <!-- section number  end  -->\n                <div class=\"container\">\n                <div class=\"row\">\n                <div class=\"wpb_column vc_column_container vc_col-sm-12 vc_col-md-4\"><div class=\"vc_column-inner\"><div class=\"wpb_wrapper\">    <!-- single slider  -->\n    <div class=\"parallax-box slider-box\"\n         data-top-bottom=\"transform: translateY(-150px);\" data-bottom-top=\"transform: translateY(150px);\"\n        >\n        <div class=\"single-slider-holder\"  data-looped=\"0\">\n            <div class=\"single-slider owl-carousel owl-theme refrestonresizeowl\" data-options='{\"autoplaySpeed\":3600,\"autoplayTimeout\":4000,\"autoHeight\":true,\"autoplay\":false,\"items\":1,\"responsive\":false,\"loop\":false,\"dots\":true,\"center\":false,\"autoWidth\":false,\"smartSpeed\":1300}'>\n                                <div class=\"item\">\n                    <img loading=\"lazy\" decoding=\"async\" width=\"600\" height=\"1000\" src=\"https:\/\/arkhamprojects.com\/wp-content\/uploads\/2021\/03\/cienfuegos.gif\" class=\"respimg\" alt=\"\" \/>                                <\/div>\n\n                            <\/div>\n            <div class=\"customNavigation ssn\">\n                <a class=\"prev-slide transition\"><i class=\"fa fa-angle-left\"><\/i><\/a>\n                <a class=\"next-slide transition\"><i class=\"fa fa-angle-right\"><\/i><\/a>\n            <\/div>\n        <\/div>\n        <!-- single slider  end -->\n    <\/div>\n\n    <\/div><\/div><\/div><div class=\"wpb_column vc_column_container vc_col-sm-12 vc_col-md-8\"><div class=\"vc_column-inner\"><div class=\"wpb_wrapper\">\n\t<div class=\"wpb_text_column wpb_content_element\" >\n\t\t<div class=\"wpb_wrapper\">\n\t\t\t<h4 class=\"section-title\">WELCOME TO THE <strong>(<del> I\u0336M\u0336<\/del> )POSSIBLE. <\/strong><\/h4>\n<h6 class=\"section-title\">A PLATFORM FOR THE CO-CREATION AND TRANSFORMATION OF DREAMS THROUGH ARCHITECTURE.<\/h6>\n<h4 class=\"section-title\"><strong> WELCOME TO ARKHAM<\/strong><\/h4>\n<p class=\"no-rep\">In Arkham we believe that every project is a dream. We believe that they\u2019re our window to a world of pure creativity with absolutely no constraints. We\u2019re also aware of the importance of them and of the responsibility that we are granted by the people who trust us. For this reason, it is our daily duty to have the best human team and the necessary tools to make the intangible tangible, to turn ideas into physical forms, to embody dreams in habitable spaces for our dreamers.<\/p>\n<p><strong><em>\u201cWith great power comes great responsability.\u201d <\/em><\/strong><strong>-Stan Lee<\/strong><\/p>\n<p>We\u2019re a tool to help fellow humans go from a good present to an even better future. This is why we can\u2019t label ourselves simply as designers. We\u2019re creators, transformers. Understanding what we have in our hands and turning it into the driving force for everything we do is what allows us to create extraordinary projects.<\/p>\n<p>We firmly believe in co-creation. Each project is unique because we work as a team, add up our knowledge and multiply results, regardless of whether it is a chef, a family or a developer who places trust in us. The more the projects resemble their creators, the better they\u2019ll be.<\/p>\n<p>We choose to be a pack, a tribe; we choose to be hunters and transformers. Where many see a simple dream, we see possibilities. Seeing creativity and service to one\u2019s fellows as a starting point to reach the realm of the unimaginable and converting visions into their physical state becomes an obsession.<\/p>\n<p><strong><em>\u201cThe stronger the identity, the more it imprisons, the more it resists expansion, interpretation, renewal, contradiction.\u201d <\/em><\/strong><strong>-Rem Koolhas<\/strong><\/p>\n<p>&nbsp;<\/p>\n<div class=\"process-box\">\n<h3>The Arkham Method<\/h3>\n<ul class=\"creat-list\">\n<li><a>DREAM<\/a><\/li>\n<li><a>ABSORB<\/a><\/li>\n<li><a>CO-CREATE<\/a><\/li>\n<li><a>ADJUST<\/a><\/li>\n<li><a>RENEW<\/a><\/li>\n<li><a>TRANSCEND<\/a><\/li>\n<\/ul>\n<\/div>\n<div><a class=\"btn anim-button fl-l\" href=\"https:\/\/test.arkhamprojects.com\/our-creations\/\"><span class=\"no-rep\">Our Portfolio<\/span><i class=\"fa fa-long-arrow-right\"><\/i><\/a><\/div>\n\n\t\t<\/div>\n\t<\/div>\n<\/div><\/div><\/div>            <\/div>\n        <\/div>\n    <\/section>\n<\/div>\n\n<div  class='monolit_sec monolit_page_sec content dark-bg'>\n\n    <!-- parallax image  -->                        \n    <div class=\"parallax-inner\">\n        <div class=\"bg\" data-bg=\"https:\/\/arkhamprojects.com\/wp-content\/uploads\/2022\/10\/The-Asylum-16-scaled.jpg\" data-top-bottom=\"transform: translateY(300px);\" data-bottom-top=\"transform: translateY(-300px);\"><\/div>\n        <div class=\"overlay\" style=\"opacity:0.8;\"><\/div>\n    <\/div>\n    <!-- parallax image  end -->  \n \n\n    <section>\n    <div class=\"sect-subtitle left-align-dec\" data-top-bottom=\"transform: translateY(-200px);\" data-bottom-top=\"transform: translateY(200px);\">\n    <span>02<\/span><\/div>\n    <!-- section number  end  -->\n                <div class=\"container\">\n                <div class=\"row\">\n                <div class=\"wpb_column vc_column_container vc_col-sm-12\"><div class=\"vc_column-inner\"><div class=\"wpb_wrapper\"><div class=\"vc_row wpb_row vc_inner vc_row-fluid\"><div class=\"wpb_column vc_column_container vc_col-sm-12 vc_col-md-4\"><div class=\"vc_column-inner\"><div class=\"wpb_wrapper\">\n\t<div class=\"wpb_text_column wpb_content_element\" >\n\t\t<div class=\"wpb_wrapper\">\n\t\t\t<h2 class=\"section-title\">Spaces Inspired<br \/>\n<strong>by humans<\/strong><\/h2>\n\n\t\t<\/div>\n\t<\/div>\n<\/div><\/div><\/div><div class=\"wpb_column vc_column_container vc_col-sm-12 vc_col-md-8\"><div class=\"vc_column-inner\"><div class=\"wpb_wrapper\">\n\t<div class=\"wpb_text_column wpb_content_element\" >\n\t\t<div class=\"wpb_wrapper\">\n\t\t\t<p class=\"no-rep\">Behind  each project, there is a countless amount of people and stories that shape a vision, bringing it  to  reality and  giving life to unique  and personal spaces. Each fulfilled dream is a part of the vehicle that inspires us to continue turning people\u2019s goals and yearnings into habitable spaces that invite them to seek transcendence to  tell,  alongside us, a new story full of legacy.<\/p>\n<p>&nbsp;<\/p>\n<p class=\"no-rep\">WHAT YOU ENVISION, WE BRING TO LIFE.<\/p>\n<p class=\"no-rep\"><strong><em>\u201cAn Idea is Salvation by Imagination\u201d<\/em> &#8211; Frank Lloyd Wright<\/strong><\/p>\n\n\t\t<\/div>\n\t<\/div>\n<\/div><\/div><\/div><\/div><div class=\"vc_row wpb_row vc_inner vc_row-fluid\"><div class=\"wpb_column vc_column_container vc_col-sm-12 vc_col-md-4\"><div class=\"vc_column-inner\"><div class=\"wpb_wrapper\"><\/div><\/div><\/div><div class=\"inline-facts-holder row wpb_column vc_column_container vc_col-sm-12 vc_col-md-8\"><div class=\"vc_column-inner\"><div class=\"wpb_wrapper\"><div class=\"inline-facts col-md-4\"\n>\n        <div class=\"milestone-counter\">\n        <div class=\"stats animaper\">\n            <div class=\"num\" data-content=\"100\" data-num=\"100\">0<\/div>\n        <\/div>\n    <\/div>\n<h6>Ideas brought to reality<\/h6>\n<p><\/div><div class=\"inline-facts col-md-4\"\n data-top-bottom=\"transform: translateY(80px);\" data-bottom-top=\"transform: translateY(-80px);\"\n>\n        <div class=\"milestone-counter\">\n        <div class=\"stats animaper\">\n            <div class=\"num\" data-content=\"22\" data-num=\"22\">0<\/div>\n        <\/div>\n    <\/div>\n<h6>Dreams in process<\/h6>\n<p><\/div><div class=\"inline-facts col-md-4\"\n data-top-bottom=\"transform: translateY(100px);\" data-bottom-top=\"transform: translateY(-100px);\"\n>\n        <div class=\"milestone-counter\">\n        <div class=\"stats animaper\">\n            <div class=\"num\" data-content=\"45\" data-num=\"45\">0<\/div>\n        <\/div>\n    <\/div>\n<h6>Talks &amp; Workshops<\/h6>\n<p><\/div><\/div><\/div><\/div><\/div><\/div><\/div><\/div>            <\/div>\n        <\/div>\n    <\/section>\n<\/div>\n\n<div  class='monolit_sec monolit_page_sec content'>\n\n \n\n    <section>\n    <!-- section number   -->\n    <div class=\"sect-subtitle right-align-dec\" data-top-bottom=\"transform: translateY(200px);\" data-bottom-top=\"transform: translateY(-200px);\">\n    <span>03<\/span><\/div>\n    <!-- section number  end  -->\n                <div class=\"container\">\n                <div class=\"row\">\n                <div class=\"wpb_column vc_column_container vc_col-sm-12\"><div class=\"vc_column-inner\"><div class=\"wpb_wrapper\">\n\t<div class=\"wpb_text_column wpb_content_element\" >\n\t\t<div class=\"wpb_wrapper\">\n\t\t\t<h2 class=\"section-title algn-right dec-title\"><span class=\"no-rep\">Selected<strong> Work<\/strong><\/span><\/h2>\n\n\t\t<\/div>\n\t<\/div>\n\n<div class=\"portfolios_parallax-element\">\n    \n\n                <!-- 1 -->\n        <div class=\"row post-1619 portfolio type-portfolio status-publish has-post-thumbnail hentry portfolio_cat-desarrollos\">\n                        <div class=\"col-md-7\">\n                <div class=\"parallax-item left-direction\">\n                    <div class=\"paralax-media\">\n                                            <ul class=\"creat-list\">\n                                                    <li><a href=\"#\">2025<\/a><\/li>\n                                                <li><a href=\"https:\/\/arkhamprojects.com\/en\/portfolio_cat\/desarrollos\/\">Development<\/a><\/li>                                                <\/ul>\n                                            <div class=\"paralax-wrap\">\n                            <a href=\"https:\/\/arkhamprojects.com\/en\/portfolio\/ment\/\">\n                                <img loading=\"lazy\" decoding=\"async\" width=\"2000\" height=\"2000\" src=\"https:\/\/arkhamprojects.com\/wp-content\/uploads\/2023\/08\/Ment-5.jpg\" class=\"respimg wp-post-image\" alt=\"\" srcset=\"https:\/\/arkhamprojects.com\/wp-content\/uploads\/2023\/08\/Ment-5.jpg 2000w, https:\/\/arkhamprojects.com\/wp-content\/uploads\/2023\/08\/Ment-5-300x300.jpg 300w, https:\/\/arkhamprojects.com\/wp-content\/uploads\/2023\/08\/Ment-5-1024x1024.jpg 1024w, https:\/\/arkhamprojects.com\/wp-content\/uploads\/2023\/08\/Ment-5-150x150.jpg 150w, https:\/\/arkhamprojects.com\/wp-content\/uploads\/2023\/08\/Ment-5-768x768.jpg 768w, https:\/\/arkhamprojects.com\/wp-content\/uploads\/2023\/08\/Ment-5-1536x1536.jpg 1536w, https:\/\/arkhamprojects.com\/wp-content\/uploads\/2023\/08\/Ment-5-12x12.jpg 12w\" sizes=\"auto, (max-width: 2000px) 100vw, 2000px\" \/>                            <\/a>\n                        <\/div>\n                    <\/div>\n                    <div class=\"parallax-deck\" data-top-bottom=\"transform: translateY(-200px);\" data-bottom-top=\"transform: translateY(200px);\">\n                        <div class=\"parallax-deck-item\">\n                            <h3 class=\"folio-title\">Ment<\/h3>                                                                                <a href=\"https:\/\/arkhamprojects.com\/en\/portfolio\/ment\/\" class=\"btn anim-button fl-l\"><span>View Project<\/span><i class=\"fa fa-long-arrow-right\"><\/i><\/a>\n                                                <\/div>\n                    <\/div>\n                <\/div>\n            <\/div>\n                        <div class=\"col-md-5\"><\/div>\n                    <\/div>\n        <!-- 1 end-->\n\n    \n\n                <!-- 2 -->\n        <div class=\"row post-1699 portfolio type-portfolio status-publish has-post-thumbnail hentry portfolio_cat-desarrollos\">\n                        <div class=\"col-md-5\"><\/div>\n                        <div class=\"col-md-7\">\n                <div class=\"parallax-item right-direction\">\n                    <div class=\"paralax-media\">\n                                            <ul class=\"creat-list\">\n                                                    <li><a href=\"#\">2024<\/a><\/li>\n                                                <li><a href=\"https:\/\/arkhamprojects.com\/en\/portfolio_cat\/desarrollos\/\">Development<\/a><\/li>                                                <\/ul>\n                                            <div class=\"paralax-wrap\">\n                            <a href=\"https:\/\/arkhamprojects.com\/en\/portfolio\/ophelia\/\">\n                                <img loading=\"lazy\" decoding=\"async\" width=\"2000\" height=\"1333\" src=\"https:\/\/arkhamprojects.com\/wp-content\/uploads\/2024\/05\/Ophelia-13.jpg\" class=\"respimg wp-post-image\" alt=\"\" srcset=\"https:\/\/arkhamprojects.com\/wp-content\/uploads\/2024\/05\/Ophelia-13.jpg 2000w, https:\/\/arkhamprojects.com\/wp-content\/uploads\/2024\/05\/Ophelia-13-300x200.jpg 300w, https:\/\/arkhamprojects.com\/wp-content\/uploads\/2024\/05\/Ophelia-13-1024x682.jpg 1024w, https:\/\/arkhamprojects.com\/wp-content\/uploads\/2024\/05\/Ophelia-13-768x512.jpg 768w, https:\/\/arkhamprojects.com\/wp-content\/uploads\/2024\/05\/Ophelia-13-1536x1024.jpg 1536w, https:\/\/arkhamprojects.com\/wp-content\/uploads\/2024\/05\/Ophelia-13-18x12.jpg 18w\" sizes=\"auto, (max-width: 2000px) 100vw, 2000px\" \/>                            <\/a>\n                        <\/div>\n                    <\/div>\n                    <div class=\"parallax-deck\" data-top-bottom=\"transform: translateY(-200px);\" data-bottom-top=\"transform: translateY(200px);\">\n                        <div class=\"parallax-deck-item\">\n                            <h3 class=\"folio-title\">Ophelia<\/h3>                                                                                <a href=\"https:\/\/arkhamprojects.com\/en\/portfolio\/ophelia\/\" class=\"btn anim-button fl-l\"><span>View Project<\/span><i class=\"fa fa-long-arrow-right\"><\/i><\/a>\n                                                <\/div>\n                    <\/div>\n                <\/div>\n            <\/div>\n                    <\/div>\n        <!-- 2 end-->\n\n    \n\n                <!-- 3 -->\n        <div class=\"row post-1217 portfolio type-portfolio status-publish has-post-thumbnail hentry portfolio_cat-residencial\">\n                        <div class=\"col-md-7\">\n                <div class=\"parallax-item left-direction\">\n                    <div class=\"paralax-media\">\n                                            <ul class=\"creat-list\">\n                                                    <li><a href=\"#\">2022<\/a><\/li>\n                                                <li><a href=\"https:\/\/arkhamprojects.com\/en\/portfolio_cat\/residencial\/\">Residential<\/a><\/li>                                                <\/ul>\n                                            <div class=\"paralax-wrap\">\n                            <a href=\"https:\/\/arkhamprojects.com\/en\/portfolio\/woolis\/\">\n                                <img loading=\"lazy\" decoding=\"async\" width=\"2560\" height=\"1707\" src=\"https:\/\/arkhamprojects.com\/wp-content\/uploads\/2021\/07\/Woolis-7-scaled.jpg\" class=\"respimg wp-post-image\" alt=\"\" srcset=\"https:\/\/arkhamprojects.com\/wp-content\/uploads\/2021\/07\/Woolis-7-scaled.jpg 2560w, https:\/\/arkhamprojects.com\/wp-content\/uploads\/2021\/07\/Woolis-7-300x200.jpg 300w, https:\/\/arkhamprojects.com\/wp-content\/uploads\/2021\/07\/Woolis-7-1024x683.jpg 1024w, https:\/\/arkhamprojects.com\/wp-content\/uploads\/2021\/07\/Woolis-7-768x512.jpg 768w, https:\/\/arkhamprojects.com\/wp-content\/uploads\/2021\/07\/Woolis-7-1536x1024.jpg 1536w, https:\/\/arkhamprojects.com\/wp-content\/uploads\/2021\/07\/Woolis-7-2048x1365.jpg 2048w, https:\/\/arkhamprojects.com\/wp-content\/uploads\/2021\/07\/Woolis-7-18x12.jpg 18w\" sizes=\"auto, (max-width: 2560px) 100vw, 2560px\" \/>                            <\/a>\n                        <\/div>\n                    <\/div>\n                    <div class=\"parallax-deck\" data-top-bottom=\"transform: translateY(-200px);\" data-bottom-top=\"transform: translateY(200px);\">\n                        <div class=\"parallax-deck-item\">\n                            <h3 class=\"folio-title\">W\u00f3olis<\/h3>                                                                                <a href=\"https:\/\/arkhamprojects.com\/en\/portfolio\/woolis\/\" class=\"btn anim-button fl-l\"><span>View Project<\/span><i class=\"fa fa-long-arrow-right\"><\/i><\/a>\n                                                <\/div>\n                    <\/div>\n                <\/div>\n            <\/div>\n                        <div class=\"col-md-5\"><\/div>\n                    <\/div>\n        <!-- 3 end-->\n\n                    <!-- custom-link-holder  -->\n        <div class=\"custom-link-holder\">\n            <a href=\"https:\/\/test.arkhamprojects.com\/our-creations\/\" class=\"btn anim-button\"  data-top-bottom=\"transform: translateY(-50px);\" data-bottom-top=\"transform: translateY(50px);\"><span>View All Projects<\/span><i class=\"fa fa-long-arrow-right\"><\/i><\/a>\n        <\/div>\n        <!-- custom-link-holder  end -->\n        <\/div>\n\n\n<\/div><\/div><\/div>            <\/div>\n        <\/div>\n    <\/section>\n<\/div>","protected":false},"excerpt":{"rendered":"Home Project details W\u00f3olis W\u00f3olis es un lugar que nos invita a observar y recordar nuestros or\u00edgenes, un observatorio contempor\u00e1neo que nos provoca a descubrir el paso del tiempo que se deja ver en los trazos que el sol y la celos\u00eda superior del cilindro pintan en las paredes en diferentes momentos del d\u00eda, trazos [...]","protected":false},"author":1,"featured_media":1731,"parent":0,"menu_order":0,"comment_status":"closed","ping_status":"closed","template":"homepage.php","meta":{"content-type":"","footnotes":""},"class_list":["post-384","page","type-page","status-publish","has-post-thumbnail","hentry"],"yoast_head":"<!-- This site is optimized with the Yoast SEO plugin v20.13 - https:\/\/yoast.com\/wordpress\/plugins\/seo\/ -->\n<title>ARKHAM PROJECTS - Arkham Projects | From Dreams to Reality<\/title>\n<meta name=\"description\" content=\"En Arkham creemos que cada proyecto es un sue\u00f1o, creemos que son nuestra ventana a un mundo de creatividad pura que no est\u00e1 limitada por absolutamente nada.\" \/>\n<meta name=\"robots\" content=\"index, follow, max-snippet:-1, max-image-preview:large, max-video-preview:-1\" \/>\n<link rel=\"canonical\" href=\"https:\/\/arkhamprojects.com\/en\/\" \/>\n<meta property=\"og:locale\" content=\"en_US\" \/>\n<meta property=\"og:type\" content=\"article\" \/>\n<meta property=\"og:title\" content=\"ARKHAM PROJECTS - Arkham Projects | From Dreams to Reality\" \/>\n<meta property=\"og:description\" content=\"En Arkham creemos que cada proyecto es un sue\u00f1o, creemos que son nuestra ventana a un mundo de creatividad pura que no est\u00e1 limitada por absolutamente nada.\" \/>\n<meta property=\"og:url\" content=\"https:\/\/arkhamprojects.com\/en\/\" \/>\n<meta property=\"og:site_name\" content=\"Arkham Projects | From Dreams to Reality\" \/>\n<meta property=\"article:modified_time\" content=\"2025-08-12T18:41:34+00:00\" \/>\n<meta property=\"og:image\" content=\"https:\/\/arkhamprojects.com\/wp-content\/uploads\/2025\/03\/The-Asylum-5.jpg\" \/>\n\t<meta property=\"og:image:width\" content=\"2000\" \/>\n\t<meta property=\"og:image:height\" content=\"1333\" \/>\n\t<meta property=\"og:image:type\" content=\"image\/jpeg\" \/>\n<meta name=\"twitter:card\" content=\"summary_large_image\" \/>\n<meta name=\"twitter:label1\" content=\"Est. reading time\" \/>\n\t<meta name=\"twitter:data1\" content=\"3 minutes\" \/>\n<script type=\"application\/ld+json\" class=\"yoast-schema-graph\">{\"@context\":\"https:\/\/schema.org\",\"@graph\":[{\"@type\":\"WebPage\",\"@id\":\"https:\/\/arkhamprojects.com\/\",\"url\":\"https:\/\/arkhamprojects.com\/\",\"name\":\"ARKHAM PROJECTS - Arkham Projects | From Dreams to Reality\",\"isPartOf\":{\"@id\":\"https:\/\/arkhamprojects.com\/#website\"},\"datePublished\":\"2016-03-08T10:30:20+00:00\",\"dateModified\":\"2025-08-12T18:41:34+00:00\",\"description\":\"En Arkham creemos que cada proyecto es un sue\u00f1o, creemos que son nuestra ventana a un mundo de creatividad pura que no est\u00e1 limitada por absolutamente nada.\",\"breadcrumb\":{\"@id\":\"https:\/\/arkhamprojects.com\/#breadcrumb\"},\"inLanguage\":\"en-US\",\"potentialAction\":[{\"@type\":\"ReadAction\",\"target\":[\"https:\/\/arkhamprojects.com\/\"]}]},{\"@type\":\"BreadcrumbList\",\"@id\":\"https:\/\/arkhamprojects.com\/#breadcrumb\",\"itemListElement\":[{\"@type\":\"ListItem\",\"position\":1,\"name\":\"Inicio\",\"item\":\"https:\/\/arkhamprojects.com\/\"},{\"@type\":\"ListItem\",\"position\":2,\"name\":\"ARKHAM PROJECTS\"}]},{\"@type\":\"WebSite\",\"@id\":\"https:\/\/arkhamprojects.com\/#website\",\"url\":\"https:\/\/arkhamprojects.com\/\",\"name\":\"Arkham Projects | From Dreams to Reality\",\"description\":\"Somos Arkham, un despacho de arquitectos en M\u00e9rida. Creamos sue\u00f1os a trav\u00e9s de arquitectura. We Create Spaces Inspired by People.\",\"potentialAction\":[{\"@type\":\"SearchAction\",\"target\":{\"@type\":\"EntryPoint\",\"urlTemplate\":\"https:\/\/arkhamprojects.com\/?s={search_term_string}\"},\"query-input\":\"required name=search_term_string\"}],\"inLanguage\":\"en-US\"}]}<\/script>\n<!-- \/ Yoast SEO plugin. -->","yoast_head_json":{"title":"ARKHAM PROJECTS - Arkham Projects | From Dreams to Reality","description":"En Arkham creemos que cada proyecto es un sue\u00f1o, creemos que son nuestra ventana a un mundo de creatividad pura que no est\u00e1 limitada por absolutamente nada.","robots":{"index":"index","follow":"follow","max-snippet":"max-snippet:-1","max-image-preview":"max-image-preview:large","max-video-preview":"max-video-preview:-1"},"canonical":"https:\/\/arkhamprojects.com\/en\/","og_locale":"en_US","og_type":"article","og_title":"ARKHAM PROJECTS - Arkham Projects | From Dreams to Reality","og_description":"En Arkham creemos que cada proyecto es un sue\u00f1o, creemos que son nuestra ventana a un mundo de creatividad pura que no est\u00e1 limitada por absolutamente nada.","og_url":"https:\/\/arkhamprojects.com\/en\/","og_site_name":"Arkham Projects | From Dreams to Reality","article_modified_time":"2025-08-12T18:41:34+00:00","og_image":[{"width":2000,"height":1333,"url":"https:\/\/arkhamprojects.com\/wp-content\/uploads\/2025\/03\/The-Asylum-5.jpg","type":"image\/jpeg"}],"twitter_card":"summary_large_image","twitter_misc":{"Est. reading time":"3 minutes"},"schema":{"@context":"https:\/\/schema.org","@graph":[{"@type":"WebPage","@id":"https:\/\/arkhamprojects.com\/","url":"https:\/\/arkhamprojects.com\/","name":"ARKHAM PROJECTS - Arkham Projects | From Dreams to Reality","isPartOf":{"@id":"https:\/\/arkhamprojects.com\/#website"},"datePublished":"2016-03-08T10:30:20+00:00","dateModified":"2025-08-12T18:41:34+00:00","description":"En Arkham creemos que cada proyecto es un sue\u00f1o, creemos que son nuestra ventana a un mundo de creatividad pura que no est\u00e1 limitada por absolutamente nada.","breadcrumb":{"@id":"https:\/\/arkhamprojects.com\/#breadcrumb"},"inLanguage":"en-US","potentialAction":[{"@type":"ReadAction","target":["https:\/\/arkhamprojects.com\/"]}]},{"@type":"BreadcrumbList","@id":"https:\/\/arkhamprojects.com\/#breadcrumb","itemListElement":[{"@type":"ListItem","position":1,"name":"Inicio","item":"https:\/\/arkhamprojects.com\/"},{"@type":"ListItem","position":2,"name":"ARKHAM PROJECTS"}]},{"@type":"WebSite","@id":"https:\/\/arkhamprojects.com\/#website","url":"https:\/\/arkhamprojects.com\/","name":"Arkham Projects | From Dreams to Reality","description":"Somos Arkham, un despacho de arquitectos en M\u00e9rida. Creamos sue\u00f1os a trav\u00e9s de arquitectura. We Create Spaces Inspired by People.","potentialAction":[{"@type":"SearchAction","target":{"@type":"EntryPoint","urlTemplate":"https:\/\/arkhamprojects.com\/?s={search_term_string}"},"query-input":"required name=search_term_string"}],"inLanguage":"en-US"}]}},"_links":{"self":[{"href":"https:\/\/arkhamprojects.com\/en\/wp-json\/wp\/v2\/pages\/384","targetHints":{"allow":["GET"]}}],"collection":[{"href":"https:\/\/arkhamprojects.com\/en\/wp-json\/wp\/v2\/pages"}],"about":[{"href":"https:\/\/arkhamprojects.com\/en\/wp-json\/wp\/v2\/types\/page"}],"author":[{"embeddable":true,"href":"https:\/\/arkhamprojects.com\/en\/wp-json\/wp\/v2\/users\/1"}],"replies":[{"embeddable":true,"href":"https:\/\/arkhamprojects.com\/en\/wp-json\/wp\/v2\/comments?post=384"}],"version-history":[{"count":97,"href":"https:\/\/arkhamprojects.com\/en\/wp-json\/wp\/v2\/pages\/384\/revisions"}],"predecessor-version":[{"id":2048,"href":"https:\/\/arkhamprojects.com\/en\/wp-json\/wp\/v2\/pages\/384\/revisions\/2048"}],"wp:featuredmedia":[{"embeddable":true,"href":"https:\/\/arkhamprojects.com\/en\/wp-json\/wp\/v2\/media\/1731"}],"wp:attachment":[{"href":"https:\/\/arkhamprojects.com\/en\/wp-json\/wp\/v2\/media?parent=384"}],"curies":[{"name":"wp","href":"https:\/\/api.w.org\/{rel}","templated":true}]}}