{"id":504,"date":"2016-03-13T02:43:23","date_gmt":"2016-03-13T02:43:23","guid":{"rendered":"http:\/\/demowp.cththemes.net\/monolit\/?page_id=504"},"modified":"2023-08-17T16:27:15","modified_gmt":"2023-08-17T16:27:15","slug":"home-landing","status":"publish","type":"page","link":"https:\/\/arkhamprojects.com\/en\/home-landing\/","title":{"rendered":"Home Landing"},"content":{"rendered":"<div  class='monolit_sec monolit_fulh_sec content full-height vc_custom_1457843543190'>\n                      \n            <div class=\"container-fluid full-height\">\n                <div class=\"row full-height\">\n                <div class=\"full-height wpb_column vc_column_container vc_col-sm-12\"><div class=\"vc_column-inner vc_custom_1457843182263\"><div class=\"wpb_wrapper\"><div class=\"home-landing-wrap\">\n        <canvas class=\"landing-particular particular\"  data-color=\"rgba(255,255,255,0.5)\"><\/canvas>\n            <div class=\"landing-iframe-holder\">\n        <iframe id=\"iframe-demo\" src=\"https:\/\/arkhamprojects.com\/en\/\"><\/iframe>\n    <\/div>\n        <div class=\"landing-logo-holder\">\n        <div class=\"landing-logo-inner\">\n            <img loading=\"lazy\" decoding=\"async\" width=\"134\" height=\"50\" src=\"https:\/\/arkhamprojects.com\/wp-content\/uploads\/2016\/03\/logo.png\" class=\"attachment-full size-full\" alt=\"\" \/>            <h3> \n                Responsive  Architecture                            <br><strong> Theme <\/strong>\n                        <\/h3>\n                    <\/div>\n    <\/div>\n    <div class=\"landing-content\">\n        <div class=\"container\">\n            <div class=\"box-inner\">\n                <div id=\"refl1\" class=\"box\">\n<h4>Image<\/h4>\n<ul>\n<li><a href=\"http:\/\/demowp.cththemes.net\/monolit\/\" target=\"_blank\" rel=\"noopener\">Multipage<\/a><\/li>\n<li><a href=\"http:\/\/demowp.cththemes.net\/monolit\/one-page-image\/\" target=\"_blank\" rel=\"noopener\">One page<\/a><\/li>\n<\/ul>\n<\/div>\n<div id=\"refl2\" class=\"box\">\n<h4>Slider<\/h4>\n<ul>\n<li><a href=\"http:\/\/demowp.cththemes.net\/monolit\/home-slider\/\" target=\"_blank\" rel=\"noopener\">Multipage<\/a><\/li>\n<li><a href=\"http:\/\/demowp.cththemes.net\/monolit\/one-page-slider\/\" target=\"_blank\" rel=\"noopener\">One page<\/a><\/li>\n<\/ul>\n<\/div>\n<div id=\"refl3\" class=\"box\">\n<h4>Slideshow<\/h4>\n<ul>\n<li><a href=\"http:\/\/demowp.cththemes.net\/monolit\/home-slideshow\/\" target=\"_blank\" rel=\"noopener\">Multipage<\/a><\/li>\n<li><a href=\"http:\/\/demowp.cththemes.net\/monolit\/one-page-slideshow\/\" target=\"_blank\" rel=\"noopener\">One page<\/a><\/li>\n<\/ul>\n<\/div>\n<div id=\"refl4\" class=\"box\">\n<h4>Youtube Video<\/h4>\n<ul>\n<li><a href=\"http:\/\/demowp.cththemes.net\/monolit\/home-youtube-video\/\" target=\"_blank\" rel=\"noopener\">Multipage<\/a><\/li>\n<li><a href=\"http:\/\/demowp.cththemes.net\/monolit\/one-page-youtube-video\/\" target=\"_blank\" rel=\"noopener\">One page<\/a><\/li>\n<\/ul>\n<\/div>\n<div id=\"refl5\" class=\"box\">\n<h4>Vimeo Video<\/h4>\n<ul>\n<li><a href=\"http:\/\/demowp.cththemes.net\/monolit\/home-vimeo-video\/\" target=\"_blank\" rel=\"noopener\">Multipage<\/a><\/li>\n<li><a href=\"http:\/\/demowp.cththemes.net\/monolit\/one-page-vimeo-video\/\" target=\"_blank\" rel=\"noopener\">One page<\/a><\/li>\n<\/ul>\n<\/div>\n            <\/div>\n        <\/div>\n    <\/div>\n\n<\/div><\/div><\/div><\/div>            <\/div>\n        <\/div>\n<\/div>","protected":false},"excerpt":{"rendered":"Responsive Architecture Theme Image Multipage One page Slider Multipage One page Slideshow Multipage One page Youtube Video Multipage One page Vimeo Video Multipage One page","protected":false},"author":1,"featured_media":0,"parent":0,"menu_order":0,"comment_status":"closed","ping_status":"closed","template":"homepage-landing.php","meta":{"content-type":"","footnotes":""},"class_list":["post-504","page","type-page","status-publish","hentry"],"yoast_head":"<!-- This site is optimized with the Yoast SEO plugin v20.13 - https:\/\/yoast.com\/wordpress\/plugins\/seo\/ -->\n<title>Home Landing - Arkham Projects | From Dreams to Reality<\/title>\n<meta name=\"robots\" content=\"index, follow, max-snippet:-1, max-image-preview:large, max-video-preview:-1\" \/>\n<link rel=\"canonical\" href=\"https:\/\/arkhamprojects.com\/en\/home-landing\/\" \/>\n<meta property=\"og:locale\" content=\"en_US\" \/>\n<meta property=\"og:type\" content=\"article\" \/>\n<meta property=\"og:title\" content=\"Home Landing - Arkham Projects | From Dreams to Reality\" \/>\n<meta property=\"og:url\" content=\"https:\/\/arkhamprojects.com\/en\/home-landing\/\" \/>\n<meta property=\"og:site_name\" content=\"Arkham Projects | From Dreams to Reality\" \/>\n<meta property=\"article:modified_time\" content=\"2023-08-17T16:27:15+00:00\" \/>\n<meta name=\"twitter:card\" content=\"summary_large_image\" \/>\n<meta name=\"twitter:label1\" content=\"Est. reading time\" \/>\n\t<meta name=\"twitter:data1\" content=\"1 minute\" \/>\n<script type=\"application\/ld+json\" class=\"yoast-schema-graph\">{\"@context\":\"https:\/\/schema.org\",\"@graph\":[{\"@type\":\"WebPage\",\"@id\":\"https:\/\/arkhamprojects.com\/home-landing\/\",\"url\":\"https:\/\/arkhamprojects.com\/home-landing\/\",\"name\":\"Home Landing - Arkham Projects | From Dreams to Reality\",\"isPartOf\":{\"@id\":\"https:\/\/arkhamprojects.com\/#website\"},\"datePublished\":\"2016-03-13T02:43:23+00:00\",\"dateModified\":\"2023-08-17T16:27:15+00:00\",\"breadcrumb\":{\"@id\":\"https:\/\/arkhamprojects.com\/home-landing\/#breadcrumb\"},\"inLanguage\":\"en-US\",\"potentialAction\":[{\"@type\":\"ReadAction\",\"target\":[\"https:\/\/arkhamprojects.com\/home-landing\/\"]}]},{\"@type\":\"BreadcrumbList\",\"@id\":\"https:\/\/arkhamprojects.com\/home-landing\/#breadcrumb\",\"itemListElement\":[{\"@type\":\"ListItem\",\"position\":1,\"name\":\"Inicio\",\"item\":\"https:\/\/arkhamprojects.com\/\"},{\"@type\":\"ListItem\",\"position\":2,\"name\":\"Home Landing\"}]},{\"@type\":\"WebSite\",\"@id\":\"https:\/\/arkhamprojects.com\/#website\",\"url\":\"https:\/\/arkhamprojects.com\/\",\"name\":\"Arkham Projects | From Dreams to Reality\",\"description\":\"Somos Arkham, un despacho de arquitectos en M\u00e9rida. Creamos sue\u00f1os a trav\u00e9s de arquitectura. We Create Spaces Inspired by People.\",\"potentialAction\":[{\"@type\":\"SearchAction\",\"target\":{\"@type\":\"EntryPoint\",\"urlTemplate\":\"https:\/\/arkhamprojects.com\/?s={search_term_string}\"},\"query-input\":\"required name=search_term_string\"}],\"inLanguage\":\"en-US\"}]}<\/script>\n<!-- \/ Yoast SEO plugin. -->","yoast_head_json":{"title":"Home Landing - Arkham Projects | From Dreams to Reality","robots":{"index":"index","follow":"follow","max-snippet":"max-snippet:-1","max-image-preview":"max-image-preview:large","max-video-preview":"max-video-preview:-1"},"canonical":"https:\/\/arkhamprojects.com\/en\/home-landing\/","og_locale":"en_US","og_type":"article","og_title":"Home Landing - Arkham Projects | From Dreams to Reality","og_url":"https:\/\/arkhamprojects.com\/en\/home-landing\/","og_site_name":"Arkham Projects | From Dreams to Reality","article_modified_time":"2023-08-17T16:27:15+00:00","twitter_card":"summary_large_image","twitter_misc":{"Est. reading time":"1 minute"},"schema":{"@context":"https:\/\/schema.org","@graph":[{"@type":"WebPage","@id":"https:\/\/arkhamprojects.com\/home-landing\/","url":"https:\/\/arkhamprojects.com\/home-landing\/","name":"Home Landing - Arkham Projects | From Dreams to Reality","isPartOf":{"@id":"https:\/\/arkhamprojects.com\/#website"},"datePublished":"2016-03-13T02:43:23+00:00","dateModified":"2023-08-17T16:27:15+00:00","breadcrumb":{"@id":"https:\/\/arkhamprojects.com\/home-landing\/#breadcrumb"},"inLanguage":"en-US","potentialAction":[{"@type":"ReadAction","target":["https:\/\/arkhamprojects.com\/home-landing\/"]}]},{"@type":"BreadcrumbList","@id":"https:\/\/arkhamprojects.com\/home-landing\/#breadcrumb","itemListElement":[{"@type":"ListItem","position":1,"name":"Inicio","item":"https:\/\/arkhamprojects.com\/"},{"@type":"ListItem","position":2,"name":"Home Landing"}]},{"@type":"WebSite","@id":"https:\/\/arkhamprojects.com\/#website","url":"https:\/\/arkhamprojects.com\/","name":"Arkham Projects | From Dreams to Reality","description":"Somos Arkham, un despacho de arquitectos en M\u00e9rida. Creamos sue\u00f1os a trav\u00e9s de arquitectura. We Create Spaces Inspired by People.","potentialAction":[{"@type":"SearchAction","target":{"@type":"EntryPoint","urlTemplate":"https:\/\/arkhamprojects.com\/?s={search_term_string}"},"query-input":"required name=search_term_string"}],"inLanguage":"en-US"}]}},"_links":{"self":[{"href":"https:\/\/arkhamprojects.com\/en\/wp-json\/wp\/v2\/pages\/504","targetHints":{"allow":["GET"]}}],"collection":[{"href":"https:\/\/arkhamprojects.com\/en\/wp-json\/wp\/v2\/pages"}],"about":[{"href":"https:\/\/arkhamprojects.com\/en\/wp-json\/wp\/v2\/types\/page"}],"author":[{"embeddable":true,"href":"https:\/\/arkhamprojects.com\/en\/wp-json\/wp\/v2\/users\/1"}],"replies":[{"embeddable":true,"href":"https:\/\/arkhamprojects.com\/en\/wp-json\/wp\/v2\/comments?post=504"}],"version-history":[{"count":1,"href":"https:\/\/arkhamprojects.com\/en\/wp-json\/wp\/v2\/pages\/504\/revisions"}],"predecessor-version":[{"id":1662,"href":"https:\/\/arkhamprojects.com\/en\/wp-json\/wp\/v2\/pages\/504\/revisions\/1662"}],"wp:attachment":[{"href":"https:\/\/arkhamprojects.com\/en\/wp-json\/wp\/v2\/media?parent=504"}],"curies":[{"name":"wp","href":"https:\/\/api.w.org\/{rel}","templated":true}]}}